{"id":618,"date":"2020-12-21T18:20:41","date_gmt":"2020-12-22T02:20:41","guid":{"rendered":"https:\/\/www.morfinlawfirm.com\/servicios-legals\/"},"modified":"2025-08-21T19:11:23","modified_gmt":"2025-08-22T02:11:23","slug":"servicios-legales","status":"publish","type":"page","link":"https:\/\/www.morfinlawfirm.com\/es\/servicios-legales\/","title":{"rendered":"Servicios Legales"},"content":{"rendered":"\n\n\t<h1>Servicios Legales<\/h1>\n\t<p>Aqui hay algunos ejemplos con lo que le puede ayudar Morfin Law Firm<\/p>\n\t\t\t\t<img data-recalc-dims=\"1\" decoding=\"async\" loading=\"lazy\" src=\"https:\/\/i0.wp.com\/www.morfinlawfirm.com\/wp-content\/uploads\/2019\/09\/Morfin-Law-Firm-personal-injury.png?resize=150%2C143&#038;ssl=1\" alt=\"Morfin Law Firm Personal Injury Da\u00f1os personales\" itemprop=\"image\" height=\"143\" width=\"150\" title=\"Morfin-Law-Firm-personal-injury\" onerror=\"this.style.display='none'\"  \/>\n\t<h5>Da\u00f1os personales<\/h5>\n<p>Accidentes automovil\u00edsticos <\/p>\n<p>Choques de carro<\/p>\n<p>Accidentes de camiones <\/p>\n<p>Choques con troques comerciales<\/p>\n<p>Accidentes de motocicleta <\/p>\n<p>Choque en moto<\/p>\n<p>Resbalones y ca\u00eddas en un negocio, u otra lesi\u00f3n grave en un negocio<\/p>\n<p>Mordeduras de perro<\/p>\n<p>Muerte injusta o indebida<\/p>\n\t\t\t\t<img data-recalc-dims=\"1\" decoding=\"async\" loading=\"lazy\" src=\"https:\/\/i0.wp.com\/www.morfinlawfirm.com\/wp-content\/uploads\/2019\/09\/Morfin-Law-Firm-consumer-protection.png?resize=150%2C143&#038;ssl=1\" alt=\"Morfin Law Firm Consumer Protection Protecci\u00f3n al Consumidor\" itemprop=\"image\" height=\"143\" width=\"150\" title=\"Morfin-Law-Firm-consumer-protection\" onerror=\"this.style.display='none'\"  \/>\n\t<h5>Protecci\u00f3n al Consumidor<\/h5>\n<p>Pr\u00e1cticas comerciales deshonestas que causan da\u00f1os o pueden causar da\u00f1os al p\u00fablico<\/p>\n<p>Desacuaerdos con la aseguranza o seguro de automovil <\/p>\n<p>Desacuerdos con la aseguranza o seguro de casa<\/p>\n<p>Trato de mala fe por la aseguranza o compa\u00f1ia de seguros <\/p>\n<p>Estafa por compa\u00f1ias deshonestas<\/p>\n\t<h5>Ll\u00e1menos para una consulta gratuita hoy.<\/h5>\n<p>Si tiene algun problema con algun tipo de caso mencionado aqui, <\/p>\n<p>tal vez le podremos ayudar.<\/p>\n\t\t\t<a href=\"tel:5093809999\" target=\"_self\">\n\t\t\t\t\t\t\t(509) 380-9999\n\t\t\t\t\t<\/a>\n\t\t\t\t<img data-recalc-dims=\"1\" decoding=\"async\" loading=\"lazy\" src=\"https:\/\/i0.wp.com\/www.morfinlawfirm.com\/wp-content\/uploads\/2018\/10\/Morfin-Law-Firm_logo_color_darkbg_web_medium5.png?resize=1076%2C628&#038;ssl=1\" alt=\"Morfin-Law-Firm_logo_color_darkbg_web_medium5 Morfin Law Firm Eddie Edwardo Morfin Tri-Cities, WA Kennewick, Washington Personal Injury Law Attorney Lawyer Abogado Lay Derecho Da\u00f1os personales Protecci\u00f3n al Consumidor\" itemprop=\"image\" height=\"628\" width=\"1076\" title=\"Morfin-Law-Firm_logo_color_darkbg_web_medium5\" onerror=\"this.style.display='none'\"  \/>\n\t<h4>MORFIN LAW FIRM<\/h4>\n\t<a href=\"https:\/\/maps.google.com\/?q=732+N.+Center+Parkway+Kennewick,+WA+99336&amp;entry=gmail&amp;source=g\">732 N. Center Parkway<\/a>\n<a href=\"https:\/\/maps.google.com\/?q=7325+W.+Deschutes+Avenue,+Suite+B+Kennewick,+WA+99336&amp;entry=gmail&amp;source=g\">Kennewick, WA 99336<\/a>\n<a href=\"tel:5093809999\">(509) 380-9999<\/a>\n<a href=\"mailto:info@morfinlawfirm.com\">info@morfinlawfirm.com<\/a>\n\t<p><a href=\"https:\/\/www.morfinlawfirm.com\/es\/\">P\u00e1gina Principal<\/a><\/p>\n<p><a href=\"https:\/\/www.morfinlawfirm.com\/es\/quienes-somos\/\">\u00bfQui\u00e9nes somos?<\/a><\/p>\n<p><a href=\"https:\/\/www.morfinlawfirm.com\/es\/servicios-legals\/\">Servicios Legales<\/a><\/p>\n<p><a href=\"https:\/\/www.morfinlawfirm.com\/es\/recursos\/\">Recursos<\/a><\/p>\n<p><a href=\"https:\/\/www.morfinlawfirm.com\/es\/blog\/\">Blog<\/a><\/p>\n<p><a href=\"https:\/\/www.morfinlawfirm.com\/es\/contact\/\">Cont\u00e1ctenos<\/a><\/p>\n\t<p>Keep in touch!<\/p>\n\t<a rel=\"me\" target=\"_blank\" href=\"https:\/\/www.avvo.com\/attorneys\/99336-wa-edwardo-morfin-4632281.html\"><\/a>\n\t<p>\u00a9 2025 Morfin Law Firm &#8211; Kennewick, Washington. All Rights Reserved.<\/p>\n\n","protected":false},"excerpt":{"rendered":"<p>Servicios Legales Aqui hay algunos ejemplos con lo que le puede ayudar Morfin Law Firm Da\u00f1os personales Accidentes automovil\u00edsticos Choques de carro Accidentes de camiones Choques con troques comerciales Accidentes de motocicleta Choque en moto Resbalones y ca\u00eddas en un negocio, u otra lesi\u00f3n grave en un negocio Mordeduras de perro Muerte injusta o indebida&hellip;<\/p>\n","protected":false},"author":1,"featured_media":0,"parent":0,"menu_order":0,"comment_status":"closed","ping_status":"closed","template":"","meta":{"nf_dc_page":"","_monsterinsights_skip_tracking":false,"_monsterinsights_sitenote_active":false,"_monsterinsights_sitenote_note":"","_monsterinsights_sitenote_category":0,"_uf_show_specific_survey":0,"_uf_disable_surveys":false,"footnotes":""},"class_list":["post-618","page","type-page","status-publish","hentry"],"yoast_head":"<!-- This site is optimized with the Yoast SEO plugin v27.5 - https:\/\/yoast.com\/product\/yoast-seo-wordpress\/ -->\n<title>Morfin Law Firm - Servicios Legales of Morfin Law Firm<\/title>\n<meta name=\"description\" content=\"Practice areas of Morfin Law Firm, founded in 2018 by Edwardo Morfin, Attorney at Law, and specializing in personal injury and consumer protection.\" \/>\n<meta name=\"robots\" content=\"index, follow, max-snippet:-1, max-image-preview:large, max-video-preview:-1\" \/>\n<link rel=\"canonical\" href=\"https:\/\/www.morfinlawfirm.com\/es\/servicios-legales\/\" \/>\n<meta property=\"og:locale\" content=\"es_ES\" \/>\n<meta property=\"og:type\" content=\"article\" \/>\n<meta property=\"og:title\" content=\"Morfin Law Firm - Servicios Legales of Morfin Law Firm\" \/>\n<meta property=\"og:description\" content=\"Practice areas of Morfin Law Firm, founded in 2018 by Edwardo Morfin, Attorney at Law, and specializing in personal injury and consumer protection.\" \/>\n<meta property=\"og:url\" content=\"https:\/\/www.morfinlawfirm.com\/es\/servicios-legales\/\" \/>\n<meta property=\"og:site_name\" content=\"Morfin Law Firm\" \/>\n<meta property=\"article:publisher\" content=\"https:\/\/www.facebook.com\/MorfinLawFirm\/\" \/>\n<meta property=\"article:modified_time\" content=\"2025-08-22T02:11:23+00:00\" \/>\n<meta property=\"og:image\" content=\"https:\/\/www.morfinlawfirm.com\/wp-content\/uploads\/2018\/10\/Headshot-for-YJ-Forum.jpg\" \/>\n<meta name=\"twitter:card\" content=\"summary_large_image\" \/>\n<meta name=\"twitter:image\" content=\"https:\/\/www.morfinlawfirm.com\/wp-content\/uploads\/2018\/10\/Headshot-for-YJ-Forum.jpg\" \/>\n<meta name=\"twitter:label1\" content=\"Tiempo de lectura\" \/>\n\t<meta name=\"twitter:data1\" content=\"2 minutos\" \/>\n<script type=\"application\/ld+json\" class=\"yoast-schema-graph\">{\"@context\":\"https:\\\/\\\/schema.org\",\"@graph\":[{\"@type\":\"WebPage\",\"@id\":\"https:\\\/\\\/www.morfinlawfirm.com\\\/es\\\/servicios-legales\\\/\",\"url\":\"https:\\\/\\\/www.morfinlawfirm.com\\\/es\\\/servicios-legales\\\/\",\"name\":\"Morfin Law Firm - Servicios Legales of Morfin Law Firm\",\"isPartOf\":{\"@id\":\"https:\\\/\\\/www.morfinlawfirm.com\\\/es\\\/#website\"},\"primaryImageOfPage\":{\"@id\":\"https:\\\/\\\/www.morfinlawfirm.com\\\/es\\\/servicios-legales\\\/#primaryimage\"},\"image\":{\"@id\":\"https:\\\/\\\/www.morfinlawfirm.com\\\/es\\\/servicios-legales\\\/#primaryimage\"},\"thumbnailUrl\":\"https:\\\/\\\/www.morfinlawfirm.com\\\/wp-content\\\/uploads\\\/2019\\\/09\\\/Morfin-Law-Firm-personal-injury.png\",\"datePublished\":\"2020-12-22T02:20:41+00:00\",\"dateModified\":\"2025-08-22T02:11:23+00:00\",\"description\":\"Practice areas of Morfin Law Firm, founded in 2018 by Edwardo Morfin, Attorney at Law, and specializing in personal injury and consumer protection.\",\"breadcrumb\":{\"@id\":\"https:\\\/\\\/www.morfinlawfirm.com\\\/es\\\/servicios-legales\\\/#breadcrumb\"},\"inLanguage\":\"es\",\"potentialAction\":[{\"@type\":\"ReadAction\",\"target\":[\"https:\\\/\\\/www.morfinlawfirm.com\\\/es\\\/servicios-legales\\\/\"]}]},{\"@type\":\"ImageObject\",\"inLanguage\":\"es\",\"@id\":\"https:\\\/\\\/www.morfinlawfirm.com\\\/es\\\/servicios-legales\\\/#primaryimage\",\"url\":\"https:\\\/\\\/www.morfinlawfirm.com\\\/wp-content\\\/uploads\\\/2019\\\/09\\\/Morfin-Law-Firm-personal-injury.png\",\"contentUrl\":\"https:\\\/\\\/www.morfinlawfirm.com\\\/wp-content\\\/uploads\\\/2019\\\/09\\\/Morfin-Law-Firm-personal-injury.png\"},{\"@type\":\"BreadcrumbList\",\"@id\":\"https:\\\/\\\/www.morfinlawfirm.com\\\/es\\\/servicios-legales\\\/#breadcrumb\",\"itemListElement\":[{\"@type\":\"ListItem\",\"position\":1,\"name\":\"Home\",\"item\":\"https:\\\/\\\/www.morfinlawfirm.com\\\/es\\\/\"},{\"@type\":\"ListItem\",\"position\":2,\"name\":\"Servicios Legales\"}]},{\"@type\":\"WebSite\",\"@id\":\"https:\\\/\\\/www.morfinlawfirm.com\\\/es\\\/#website\",\"url\":\"https:\\\/\\\/www.morfinlawfirm.com\\\/es\\\/\",\"name\":\"Morfin Law Firm\",\"description\":\"Law Firm of Edwardo Morfin\",\"publisher\":{\"@id\":\"https:\\\/\\\/www.morfinlawfirm.com\\\/es\\\/#organization\"},\"potentialAction\":[{\"@type\":\"SearchAction\",\"target\":{\"@type\":\"EntryPoint\",\"urlTemplate\":\"https:\\\/\\\/www.morfinlawfirm.com\\\/es\\\/?s={search_term_string}\"},\"query-input\":{\"@type\":\"PropertyValueSpecification\",\"valueRequired\":true,\"valueName\":\"search_term_string\"}}],\"inLanguage\":\"es\"},{\"@type\":\"Organization\",\"@id\":\"https:\\\/\\\/www.morfinlawfirm.com\\\/es\\\/#organization\",\"name\":\"Morfin Law Firm\",\"url\":\"https:\\\/\\\/www.morfinlawfirm.com\\\/es\\\/\",\"logo\":{\"@type\":\"ImageObject\",\"inLanguage\":\"es\",\"@id\":\"https:\\\/\\\/www.morfinlawfirm.com\\\/es\\\/#\\\/schema\\\/logo\\\/image\\\/\",\"url\":\"https:\\\/\\\/i0.wp.com\\\/www.morfinlawfirm.com\\\/wp-content\\\/uploads\\\/2024\\\/03\\\/Morfin-Law-Firm_logo_color_darkbg-scaled.jpg?fit=2560%2C1627&ssl=1\",\"contentUrl\":\"https:\\\/\\\/i0.wp.com\\\/www.morfinlawfirm.com\\\/wp-content\\\/uploads\\\/2024\\\/03\\\/Morfin-Law-Firm_logo_color_darkbg-scaled.jpg?fit=2560%2C1627&ssl=1\",\"width\":2560,\"height\":1627,\"caption\":\"Morfin Law Firm\"},\"image\":{\"@id\":\"https:\\\/\\\/www.morfinlawfirm.com\\\/es\\\/#\\\/schema\\\/logo\\\/image\\\/\"},\"sameAs\":[\"https:\\\/\\\/www.facebook.com\\\/MorfinLawFirm\\\/\"]}]}<\/script>\n<!-- \/ Yoast SEO plugin. -->","yoast_head_json":{"title":"Morfin Law Firm - Servicios Legales of Morfin Law Firm","description":"Practice areas of Morfin Law Firm, founded in 2018 by Edwardo Morfin, Attorney at Law, and specializing in personal injury and consumer protection.","robots":{"index":"index","follow":"follow","max-snippet":"max-snippet:-1","max-image-preview":"max-image-preview:large","max-video-preview":"max-video-preview:-1"},"canonical":"https:\/\/www.morfinlawfirm.com\/es\/servicios-legales\/","og_locale":"es_ES","og_type":"article","og_title":"Morfin Law Firm - Servicios Legales of Morfin Law Firm","og_description":"Practice areas of Morfin Law Firm, founded in 2018 by Edwardo Morfin, Attorney at Law, and specializing in personal injury and consumer protection.","og_url":"https:\/\/www.morfinlawfirm.com\/es\/servicios-legales\/","og_site_name":"Morfin Law Firm","article_publisher":"https:\/\/www.facebook.com\/MorfinLawFirm\/","article_modified_time":"2025-08-22T02:11:23+00:00","og_image":[{"url":"https:\/\/www.morfinlawfirm.com\/wp-content\/uploads\/2018\/10\/Headshot-for-YJ-Forum.jpg","type":"","width":"","height":""}],"twitter_card":"summary_large_image","twitter_image":"https:\/\/www.morfinlawfirm.com\/wp-content\/uploads\/2018\/10\/Headshot-for-YJ-Forum.jpg","twitter_misc":{"Tiempo de lectura":"2 minutos"},"schema":{"@context":"https:\/\/schema.org","@graph":[{"@type":"WebPage","@id":"https:\/\/www.morfinlawfirm.com\/es\/servicios-legales\/","url":"https:\/\/www.morfinlawfirm.com\/es\/servicios-legales\/","name":"Morfin Law Firm - Servicios Legales of Morfin Law Firm","isPartOf":{"@id":"https:\/\/www.morfinlawfirm.com\/es\/#website"},"primaryImageOfPage":{"@id":"https:\/\/www.morfinlawfirm.com\/es\/servicios-legales\/#primaryimage"},"image":{"@id":"https:\/\/www.morfinlawfirm.com\/es\/servicios-legales\/#primaryimage"},"thumbnailUrl":"https:\/\/www.morfinlawfirm.com\/wp-content\/uploads\/2019\/09\/Morfin-Law-Firm-personal-injury.png","datePublished":"2020-12-22T02:20:41+00:00","dateModified":"2025-08-22T02:11:23+00:00","description":"Practice areas of Morfin Law Firm, founded in 2018 by Edwardo Morfin, Attorney at Law, and specializing in personal injury and consumer protection.","breadcrumb":{"@id":"https:\/\/www.morfinlawfirm.com\/es\/servicios-legales\/#breadcrumb"},"inLanguage":"es","potentialAction":[{"@type":"ReadAction","target":["https:\/\/www.morfinlawfirm.com\/es\/servicios-legales\/"]}]},{"@type":"ImageObject","inLanguage":"es","@id":"https:\/\/www.morfinlawfirm.com\/es\/servicios-legales\/#primaryimage","url":"https:\/\/www.morfinlawfirm.com\/wp-content\/uploads\/2019\/09\/Morfin-Law-Firm-personal-injury.png","contentUrl":"https:\/\/www.morfinlawfirm.com\/wp-content\/uploads\/2019\/09\/Morfin-Law-Firm-personal-injury.png"},{"@type":"BreadcrumbList","@id":"https:\/\/www.morfinlawfirm.com\/es\/servicios-legales\/#breadcrumb","itemListElement":[{"@type":"ListItem","position":1,"name":"Home","item":"https:\/\/www.morfinlawfirm.com\/es\/"},{"@type":"ListItem","position":2,"name":"Servicios Legales"}]},{"@type":"WebSite","@id":"https:\/\/www.morfinlawfirm.com\/es\/#website","url":"https:\/\/www.morfinlawfirm.com\/es\/","name":"Morfin Law Firm","description":"Law Firm of Edwardo Morfin","publisher":{"@id":"https:\/\/www.morfinlawfirm.com\/es\/#organization"},"potentialAction":[{"@type":"SearchAction","target":{"@type":"EntryPoint","urlTemplate":"https:\/\/www.morfinlawfirm.com\/es\/?s={search_term_string}"},"query-input":{"@type":"PropertyValueSpecification","valueRequired":true,"valueName":"search_term_string"}}],"inLanguage":"es"},{"@type":"Organization","@id":"https:\/\/www.morfinlawfirm.com\/es\/#organization","name":"Morfin Law Firm","url":"https:\/\/www.morfinlawfirm.com\/es\/","logo":{"@type":"ImageObject","inLanguage":"es","@id":"https:\/\/www.morfinlawfirm.com\/es\/#\/schema\/logo\/image\/","url":"https:\/\/i0.wp.com\/www.morfinlawfirm.com\/wp-content\/uploads\/2024\/03\/Morfin-Law-Firm_logo_color_darkbg-scaled.jpg?fit=2560%2C1627&ssl=1","contentUrl":"https:\/\/i0.wp.com\/www.morfinlawfirm.com\/wp-content\/uploads\/2024\/03\/Morfin-Law-Firm_logo_color_darkbg-scaled.jpg?fit=2560%2C1627&ssl=1","width":2560,"height":1627,"caption":"Morfin Law Firm"},"image":{"@id":"https:\/\/www.morfinlawfirm.com\/es\/#\/schema\/logo\/image\/"},"sameAs":["https:\/\/www.facebook.com\/MorfinLawFirm\/"]}]}},"jetpack_sharing_enabled":true,"_links":{"self":[{"href":"https:\/\/www.morfinlawfirm.com\/es\/wp-json\/wp\/v2\/pages\/618","targetHints":{"allow":["GET"]}}],"collection":[{"href":"https:\/\/www.morfinlawfirm.com\/es\/wp-json\/wp\/v2\/pages"}],"about":[{"href":"https:\/\/www.morfinlawfirm.com\/es\/wp-json\/wp\/v2\/types\/page"}],"author":[{"embeddable":true,"href":"https:\/\/www.morfinlawfirm.com\/es\/wp-json\/wp\/v2\/users\/1"}],"replies":[{"embeddable":true,"href":"https:\/\/www.morfinlawfirm.com\/es\/wp-json\/wp\/v2\/comments?post=618"}],"version-history":[{"count":5,"href":"https:\/\/www.morfinlawfirm.com\/es\/wp-json\/wp\/v2\/pages\/618\/revisions"}],"predecessor-version":[{"id":834,"href":"https:\/\/www.morfinlawfirm.com\/es\/wp-json\/wp\/v2\/pages\/618\/revisions\/834"}],"wp:attachment":[{"href":"https:\/\/www.morfinlawfirm.com\/es\/wp-json\/wp\/v2\/media?parent=618"}],"curies":[{"name":"wp","href":"https:\/\/api.w.org\/{rel}","templated":true}]}}