{"id":620,"date":"2020-12-23T10:57:57","date_gmt":"2020-12-23T18:57:57","guid":{"rendered":"https:\/\/www.morfinlawfirm.com\/quienes-somos\/"},"modified":"2025-08-21T19:07:19","modified_gmt":"2025-08-22T02:07:19","slug":"quienes-somos","status":"publish","type":"page","link":"https:\/\/www.morfinlawfirm.com\/es\/quienes-somos\/","title":{"rendered":"\u00bfQui\u00e9nes somos?"},"content":{"rendered":"\n\n\t<h1>\u00bfQui\u00e9nes somos?<\/h1>\n\t<p>Historia de Morf\u00edn Law Firm<\/p>\n\t\t\t\t<img data-recalc-dims=\"1\" decoding=\"async\" loading=\"lazy\" src=\"https:\/\/i0.wp.com\/www.morfinlawfirm.com\/wp-content\/uploads\/2019\/09\/Eddie-Morfin-headshot1.png?resize=800%2C1199&#038;ssl=1\" alt=\"Eddie Morfin Law Firm Personal injury Lawyer Da\u00f1os personales Protecci\u00f3n al Consumidor\" itemprop=\"image\" height=\"1199\" width=\"800\" title=\"Eddie-Morfin-headshot1\" onerror=\"this.style.display='none'\"  \/>\n\t<h5>Edwardo Morf\u00edn fund\u00f3 a Morf\u00edn Law Firm en 2018.<\/h5>\n<p>Edwardo Morf\u00edn naci\u00f3 y creci\u00f3 en Yakima, Washington.\u00a0 Creci\u00f3 en un hogar humilde, y sus padres son campesinos que trabajaron en las huertas del valle de Yakima por d\u00e9cadas, y contin\u00faan trabajando en la agricultura.\u00a0 Edwardo no es ajeno al trabajo intenso, ya que a menudo ayudaba a sus padres a trabajar en las huertas.<\/p>\n<p>Edwardo creci\u00f3 trabajando en la agricultura, hasta que tuvo la oportunidad trabajar como asistente de oficina de nivel de entrada en un bufete de abogados de da\u00f1os personales- y eso hizo toda la diferencia. Despu\u00e9s de esta experiencia, Edwardo estaba decidido a convertirse en un abogado.<\/p>\n<p>Edwardo asisti\u00f3 a Yakima Valley Community College (Colegio Comunitario del Valle de Yakima), Central Washington University (a la Universidad Central de Washington) y a Seattle University School of Law (la Escuela de Derechos de la Universidad de Seattle).<\/p>\n<p>Mientras estaba en la escuela de derechos, aunque sus clases eran muy dif\u00edciles y consum\u00edan mucho de su tiempo, Edwardo siempre hizo tiempo para ser voluntario, poniendo a los dem\u00e1s en primer lugar.<\/p>\n<p>El esp\u00edritu de poner a la gente en primer lugar ha seguido a Edwardo en su carrera como abogado. Edwardo contin\u00faa tratando de ayudar a su comunidad de muchas maneras, ganando varios reconocimientos por su servicio al p\u00fablico y tambi\u00e9n por tomar casos sin remuneraci\u00f3n, incluyendo un Premio APEX de la Asociaci\u00f3n de Abogados del Estado de Washington.<\/p>\n\t<h5>Ll\u00e1menos para una consulta gratuita hoy.<\/h5>\n<p>Y hablar directamente con Eddie.<\/p>\n\t\t\t<a href=\"tel:5093809999\" target=\"_self\">\n\t\t\t\t\t\t\t(509) 380-9999\n\t\t\t\t\t<\/a>\n\t\t\t\t<img data-recalc-dims=\"1\" decoding=\"async\" loading=\"lazy\" src=\"https:\/\/i0.wp.com\/www.morfinlawfirm.com\/wp-content\/uploads\/2018\/10\/Morfin-Law-Firm_logo_color_darkbg_web_medium5.png?resize=1076%2C628&#038;ssl=1\" alt=\"Morfin-Law-Firm_logo_color_darkbg_web_medium5 Morfin Law Firm Eddie Edwardo Morfin Tri-Cities, WA Kennewick, Washington Personal Injury Law Attorney Lawyer Abogado Lay Derecho Da\u00f1os personales Protecci\u00f3n al Consumidor\" itemprop=\"image\" height=\"628\" width=\"1076\" title=\"Morfin-Law-Firm_logo_color_darkbg_web_medium5\" onerror=\"this.style.display='none'\"  \/>\n\t<h4>MORFIN LAW FIRM<\/h4>\n\t<a href=\"https:\/\/maps.google.com\/?q=732+N.+Center+Parkway+Kennewick,+WA+99336&amp;entry=gmail&amp;source=g\">732 N. Center Parkway<\/a>\n<a href=\"https:\/\/maps.google.com\/?q=7325+W.+Deschutes+Avenue,+Suite+B+Kennewick,+WA+99336&amp;entry=gmail&amp;source=g\">Kennewick, WA 99336<\/a>\n<a href=\"tel:5093809999\">(509) 380-9999<\/a>\n<a href=\"mailto:info@morfinlawfirm.com\">info@morfinlawfirm.com<\/a>\n\t<p><a href=\"https:\/\/www.morfinlawfirm.com\/es\/\">P\u00e1gina Principal<\/a><\/p>\n<p><a href=\"https:\/\/www.morfinlawfirm.com\/es\/quienes-somos\/\">\u00bfQui\u00e9nes somos?<\/a><\/p>\n<p><a href=\"https:\/\/www.morfinlawfirm.com\/es\/servicios-legals\/\">Servicios Legales<\/a><\/p>\n<p><a href=\"https:\/\/www.morfinlawfirm.com\/es\/recursos\/\">Recursos<\/a><\/p>\n<p><a href=\"https:\/\/www.morfinlawfirm.com\/es\/blog\/\">Blog<\/a><\/p>\n<p><a href=\"https:\/\/www.morfinlawfirm.com\/es\/contact\/\">Cont\u00e1ctenos<\/a><\/p>\n\t<p>Keep in touch!<\/p>\n\t<a rel=\"me\" target=\"_blank\" href=\"https:\/\/www.avvo.com\/attorneys\/99336-wa-edwardo-morfin-4632281.html\"><\/a>\n\t<p>\u00a9 2025 Morfin Law Firm &#8211; Kennewick, Washington. All Rights Reserved.<\/p>\n\n","protected":false},"excerpt":{"rendered":"<p>\u00bfQui\u00e9nes somos? Historia de Morf\u00edn Law Firm Edwardo Morf\u00edn fund\u00f3 a Morf\u00edn Law Firm en 2018. Edwardo Morf\u00edn naci\u00f3 y creci\u00f3 en Yakima, Washington.\u00a0 Creci\u00f3 en un hogar humilde, y sus padres son campesinos que trabajaron en las huertas del valle de Yakima por d\u00e9cadas, y contin\u00faan trabajando en la agricultura.\u00a0 Edwardo no es ajeno&hellip;<\/p>\n","protected":false},"author":1,"featured_media":0,"parent":0,"menu_order":0,"comment_status":"closed","ping_status":"closed","template":"","meta":{"nf_dc_page":"","_monsterinsights_skip_tracking":false,"_monsterinsights_sitenote_active":false,"_monsterinsights_sitenote_note":"","_monsterinsights_sitenote_category":0,"_uf_show_specific_survey":0,"_uf_disable_surveys":false,"footnotes":""},"class_list":["post-620","page","type-page","status-publish","hentry"],"yoast_head":"<!-- This site is optimized with the Yoast SEO plugin v27.3 - https:\/\/yoast.com\/product\/yoast-seo-wordpress\/ -->\n<title>Morfin Law Firm - \u00bfQui\u00e9nes somos? Edwardo Morf\u00edin y Morf\u00edn Law Firm<\/title>\n<meta name=\"description\" content=\"Background of Morfin Law Firm, founded by Edwardo Morfin, Attorney at Law. Located in Kennewick, Washington, Morfin Law Firm provides quality legal services.\" \/>\n<meta name=\"robots\" content=\"index, follow, max-snippet:-1, max-image-preview:large, max-video-preview:-1\" \/>\n<link rel=\"canonical\" href=\"https:\/\/www.morfinlawfirm.com\/es\/quienes-somos\/\" \/>\n<meta property=\"og:locale\" content=\"es_ES\" \/>\n<meta property=\"og:type\" content=\"article\" \/>\n<meta property=\"og:title\" content=\"Morf\u00edn Law Firm\" \/>\n<meta property=\"og:description\" content=\"Background of Morfin Law Firm, founded by Edwardo Morfin, Attorney at Law. Located in Kennewick, Washington, Morfin Law Firm provides quality legal services.\" \/>\n<meta property=\"og:url\" content=\"https:\/\/www.morfinlawfirm.com\/es\/quienes-somos\/\" \/>\n<meta property=\"og:site_name\" content=\"Morfin Law Firm\" \/>\n<meta property=\"article:publisher\" content=\"https:\/\/www.facebook.com\/MorfinLawFirm\/\" \/>\n<meta property=\"article:modified_time\" content=\"2025-08-22T02:07:19+00:00\" \/>\n<meta property=\"og:image\" content=\"https:\/\/www.morfinlawfirm.com\/wp-content\/uploads\/2018\/10\/Headshot-for-YJ-Forum.jpg\" \/>\n<meta name=\"twitter:card\" content=\"summary_large_image\" \/>\n<meta name=\"twitter:title\" content=\"Morf\u00edn Law Firm\" \/>\n<meta name=\"twitter:description\" content=\"Background of Morfin Law Firm, founded by Edwardo Morfin, Attorney at Law. Located in Kennewick, Washington, Morfin Law Firm provides quality legal services.\" \/>\n<meta name=\"twitter:image\" content=\"https:\/\/www.morfinlawfirm.com\/wp-content\/uploads\/2018\/10\/Headshot-for-YJ-Forum.jpg\" \/>\n<meta name=\"twitter:label1\" content=\"Tiempo de lectura\" \/>\n\t<meta name=\"twitter:data1\" content=\"2 minutos\" \/>\n<script type=\"application\/ld+json\" class=\"yoast-schema-graph\">{\"@context\":\"https:\\\/\\\/schema.org\",\"@graph\":[{\"@type\":\"WebPage\",\"@id\":\"https:\\\/\\\/www.morfinlawfirm.com\\\/es\\\/quienes-somos\\\/\",\"url\":\"https:\\\/\\\/www.morfinlawfirm.com\\\/es\\\/quienes-somos\\\/\",\"name\":\"Morfin Law Firm - \u00bfQui\u00e9nes somos? Edwardo Morf\u00edin y Morf\u00edn Law Firm\",\"isPartOf\":{\"@id\":\"https:\\\/\\\/www.morfinlawfirm.com\\\/es\\\/#website\"},\"primaryImageOfPage\":{\"@id\":\"https:\\\/\\\/www.morfinlawfirm.com\\\/es\\\/quienes-somos\\\/#primaryimage\"},\"image\":{\"@id\":\"https:\\\/\\\/www.morfinlawfirm.com\\\/es\\\/quienes-somos\\\/#primaryimage\"},\"thumbnailUrl\":\"https:\\\/\\\/www.morfinlawfirm.com\\\/wp-content\\\/uploads\\\/2019\\\/09\\\/Eddie-Morfin-headshot1.png\",\"datePublished\":\"2020-12-23T18:57:57+00:00\",\"dateModified\":\"2025-08-22T02:07:19+00:00\",\"description\":\"Background of Morfin Law Firm, founded by Edwardo Morfin, Attorney at Law. Located in Kennewick, Washington, Morfin Law Firm provides quality legal services.\",\"breadcrumb\":{\"@id\":\"https:\\\/\\\/www.morfinlawfirm.com\\\/es\\\/quienes-somos\\\/#breadcrumb\"},\"inLanguage\":\"es\",\"potentialAction\":[{\"@type\":\"ReadAction\",\"target\":[\"https:\\\/\\\/www.morfinlawfirm.com\\\/es\\\/quienes-somos\\\/\"]}]},{\"@type\":\"ImageObject\",\"inLanguage\":\"es\",\"@id\":\"https:\\\/\\\/www.morfinlawfirm.com\\\/es\\\/quienes-somos\\\/#primaryimage\",\"url\":\"https:\\\/\\\/www.morfinlawfirm.com\\\/wp-content\\\/uploads\\\/2019\\\/09\\\/Eddie-Morfin-headshot1.png\",\"contentUrl\":\"https:\\\/\\\/www.morfinlawfirm.com\\\/wp-content\\\/uploads\\\/2019\\\/09\\\/Eddie-Morfin-headshot1.png\"},{\"@type\":\"BreadcrumbList\",\"@id\":\"https:\\\/\\\/www.morfinlawfirm.com\\\/es\\\/quienes-somos\\\/#breadcrumb\",\"itemListElement\":[{\"@type\":\"ListItem\",\"position\":1,\"name\":\"Home\",\"item\":\"https:\\\/\\\/www.morfinlawfirm.com\\\/es\\\/\"},{\"@type\":\"ListItem\",\"position\":2,\"name\":\"\u00bfQui\u00e9nes somos?\"}]},{\"@type\":\"WebSite\",\"@id\":\"https:\\\/\\\/www.morfinlawfirm.com\\\/es\\\/#website\",\"url\":\"https:\\\/\\\/www.morfinlawfirm.com\\\/es\\\/\",\"name\":\"Morfin Law Firm\",\"description\":\"Law Firm of Edwardo Morfin\",\"publisher\":{\"@id\":\"https:\\\/\\\/www.morfinlawfirm.com\\\/es\\\/#organization\"},\"potentialAction\":[{\"@type\":\"SearchAction\",\"target\":{\"@type\":\"EntryPoint\",\"urlTemplate\":\"https:\\\/\\\/www.morfinlawfirm.com\\\/es\\\/?s={search_term_string}\"},\"query-input\":{\"@type\":\"PropertyValueSpecification\",\"valueRequired\":true,\"valueName\":\"search_term_string\"}}],\"inLanguage\":\"es\"},{\"@type\":\"Organization\",\"@id\":\"https:\\\/\\\/www.morfinlawfirm.com\\\/es\\\/#organization\",\"name\":\"Morfin Law Firm\",\"url\":\"https:\\\/\\\/www.morfinlawfirm.com\\\/es\\\/\",\"logo\":{\"@type\":\"ImageObject\",\"inLanguage\":\"es\",\"@id\":\"https:\\\/\\\/www.morfinlawfirm.com\\\/es\\\/#\\\/schema\\\/logo\\\/image\\\/\",\"url\":\"https:\\\/\\\/i0.wp.com\\\/www.morfinlawfirm.com\\\/wp-content\\\/uploads\\\/2024\\\/03\\\/Morfin-Law-Firm_logo_color_darkbg-scaled.jpg?fit=2560%2C1627&ssl=1\",\"contentUrl\":\"https:\\\/\\\/i0.wp.com\\\/www.morfinlawfirm.com\\\/wp-content\\\/uploads\\\/2024\\\/03\\\/Morfin-Law-Firm_logo_color_darkbg-scaled.jpg?fit=2560%2C1627&ssl=1\",\"width\":2560,\"height\":1627,\"caption\":\"Morfin Law Firm\"},\"image\":{\"@id\":\"https:\\\/\\\/www.morfinlawfirm.com\\\/es\\\/#\\\/schema\\\/logo\\\/image\\\/\"},\"sameAs\":[\"https:\\\/\\\/www.facebook.com\\\/MorfinLawFirm\\\/\"]}]}<\/script>\n<!-- \/ Yoast SEO plugin. -->","yoast_head_json":{"title":"Morfin Law Firm - \u00bfQui\u00e9nes somos? Edwardo Morf\u00edin y Morf\u00edn Law Firm","description":"Background of Morfin Law Firm, founded by Edwardo Morfin, Attorney at Law. Located in Kennewick, Washington, Morfin Law Firm provides quality legal services.","robots":{"index":"index","follow":"follow","max-snippet":"max-snippet:-1","max-image-preview":"max-image-preview:large","max-video-preview":"max-video-preview:-1"},"canonical":"https:\/\/www.morfinlawfirm.com\/es\/quienes-somos\/","og_locale":"es_ES","og_type":"article","og_title":"Morf\u00edn Law Firm","og_description":"Background of Morfin Law Firm, founded by Edwardo Morfin, Attorney at Law. Located in Kennewick, Washington, Morfin Law Firm provides quality legal services.","og_url":"https:\/\/www.morfinlawfirm.com\/es\/quienes-somos\/","og_site_name":"Morfin Law Firm","article_publisher":"https:\/\/www.facebook.com\/MorfinLawFirm\/","article_modified_time":"2025-08-22T02:07:19+00:00","og_image":[{"url":"https:\/\/www.morfinlawfirm.com\/wp-content\/uploads\/2018\/10\/Headshot-for-YJ-Forum.jpg","type":"","width":"","height":""}],"twitter_card":"summary_large_image","twitter_title":"Morf\u00edn Law Firm","twitter_description":"Background of Morfin Law Firm, founded by Edwardo Morfin, Attorney at Law. Located in Kennewick, Washington, Morfin Law Firm provides quality legal services.","twitter_image":"https:\/\/www.morfinlawfirm.com\/wp-content\/uploads\/2018\/10\/Headshot-for-YJ-Forum.jpg","twitter_misc":{"Tiempo de lectura":"2 minutos"},"schema":{"@context":"https:\/\/schema.org","@graph":[{"@type":"WebPage","@id":"https:\/\/www.morfinlawfirm.com\/es\/quienes-somos\/","url":"https:\/\/www.morfinlawfirm.com\/es\/quienes-somos\/","name":"Morfin Law Firm - \u00bfQui\u00e9nes somos? Edwardo Morf\u00edin y Morf\u00edn Law Firm","isPartOf":{"@id":"https:\/\/www.morfinlawfirm.com\/es\/#website"},"primaryImageOfPage":{"@id":"https:\/\/www.morfinlawfirm.com\/es\/quienes-somos\/#primaryimage"},"image":{"@id":"https:\/\/www.morfinlawfirm.com\/es\/quienes-somos\/#primaryimage"},"thumbnailUrl":"https:\/\/www.morfinlawfirm.com\/wp-content\/uploads\/2019\/09\/Eddie-Morfin-headshot1.png","datePublished":"2020-12-23T18:57:57+00:00","dateModified":"2025-08-22T02:07:19+00:00","description":"Background of Morfin Law Firm, founded by Edwardo Morfin, Attorney at Law. Located in Kennewick, Washington, Morfin Law Firm provides quality legal services.","breadcrumb":{"@id":"https:\/\/www.morfinlawfirm.com\/es\/quienes-somos\/#breadcrumb"},"inLanguage":"es","potentialAction":[{"@type":"ReadAction","target":["https:\/\/www.morfinlawfirm.com\/es\/quienes-somos\/"]}]},{"@type":"ImageObject","inLanguage":"es","@id":"https:\/\/www.morfinlawfirm.com\/es\/quienes-somos\/#primaryimage","url":"https:\/\/www.morfinlawfirm.com\/wp-content\/uploads\/2019\/09\/Eddie-Morfin-headshot1.png","contentUrl":"https:\/\/www.morfinlawfirm.com\/wp-content\/uploads\/2019\/09\/Eddie-Morfin-headshot1.png"},{"@type":"BreadcrumbList","@id":"https:\/\/www.morfinlawfirm.com\/es\/quienes-somos\/#breadcrumb","itemListElement":[{"@type":"ListItem","position":1,"name":"Home","item":"https:\/\/www.morfinlawfirm.com\/es\/"},{"@type":"ListItem","position":2,"name":"\u00bfQui\u00e9nes somos?"}]},{"@type":"WebSite","@id":"https:\/\/www.morfinlawfirm.com\/es\/#website","url":"https:\/\/www.morfinlawfirm.com\/es\/","name":"Morfin Law Firm","description":"Law Firm of Edwardo Morfin","publisher":{"@id":"https:\/\/www.morfinlawfirm.com\/es\/#organization"},"potentialAction":[{"@type":"SearchAction","target":{"@type":"EntryPoint","urlTemplate":"https:\/\/www.morfinlawfirm.com\/es\/?s={search_term_string}"},"query-input":{"@type":"PropertyValueSpecification","valueRequired":true,"valueName":"search_term_string"}}],"inLanguage":"es"},{"@type":"Organization","@id":"https:\/\/www.morfinlawfirm.com\/es\/#organization","name":"Morfin Law Firm","url":"https:\/\/www.morfinlawfirm.com\/es\/","logo":{"@type":"ImageObject","inLanguage":"es","@id":"https:\/\/www.morfinlawfirm.com\/es\/#\/schema\/logo\/image\/","url":"https:\/\/i0.wp.com\/www.morfinlawfirm.com\/wp-content\/uploads\/2024\/03\/Morfin-Law-Firm_logo_color_darkbg-scaled.jpg?fit=2560%2C1627&ssl=1","contentUrl":"https:\/\/i0.wp.com\/www.morfinlawfirm.com\/wp-content\/uploads\/2024\/03\/Morfin-Law-Firm_logo_color_darkbg-scaled.jpg?fit=2560%2C1627&ssl=1","width":2560,"height":1627,"caption":"Morfin Law Firm"},"image":{"@id":"https:\/\/www.morfinlawfirm.com\/es\/#\/schema\/logo\/image\/"},"sameAs":["https:\/\/www.facebook.com\/MorfinLawFirm\/"]}]}},"jetpack_sharing_enabled":true,"_links":{"self":[{"href":"https:\/\/www.morfinlawfirm.com\/es\/wp-json\/wp\/v2\/pages\/620","targetHints":{"allow":["GET"]}}],"collection":[{"href":"https:\/\/www.morfinlawfirm.com\/es\/wp-json\/wp\/v2\/pages"}],"about":[{"href":"https:\/\/www.morfinlawfirm.com\/es\/wp-json\/wp\/v2\/types\/page"}],"author":[{"embeddable":true,"href":"https:\/\/www.morfinlawfirm.com\/es\/wp-json\/wp\/v2\/users\/1"}],"replies":[{"embeddable":true,"href":"https:\/\/www.morfinlawfirm.com\/es\/wp-json\/wp\/v2\/comments?post=620"}],"version-history":[{"count":3,"href":"https:\/\/www.morfinlawfirm.com\/es\/wp-json\/wp\/v2\/pages\/620\/revisions"}],"predecessor-version":[{"id":833,"href":"https:\/\/www.morfinlawfirm.com\/es\/wp-json\/wp\/v2\/pages\/620\/revisions\/833"}],"wp:attachment":[{"href":"https:\/\/www.morfinlawfirm.com\/es\/wp-json\/wp\/v2\/media?parent=620"}],"curies":[{"name":"wp","href":"https:\/\/api.w.org\/{rel}","templated":true}]}}