{"id":621,"date":"2018-08-24T23:08:18","date_gmt":"2018-08-24T23:08:18","guid":{"rendered":"https:\/\/www.morfinlawfirm.com\/contacto\/"},"modified":"2025-08-21T19:15:16","modified_gmt":"2025-08-22T02:15:16","slug":"contact","status":"publish","type":"page","link":"https:\/\/www.morfinlawfirm.com\/es\/contact\/","title":{"rendered":"Contact"},"content":{"rendered":"\n\n\t<h1>Contacto<\/h1>\n\t<p>Informaci\u00f3n de contacto para Morf\u00edn Law Firm<\/p>\n\t<h3>No dude en comunicarse con Morf\u00edn Law Firm para consultas o preguntas.<\/h3>\n<p><em>Por favor recuerde que con someter su informaci\u00f3n no estaremos creando una relaci\u00f3n entre abogado-cliente, ni tampoco garantiza que tomaremos su caso.<\/em><\/p>\n\t<p><strong>Direcci\u00f3n<\/strong><\/p>\n<p>732 N. Center Parkway<\/p>\n<p>Kennewick, WA 99336<\/p>\n\t<p><strong>Numero Telefonico<\/strong><\/p>\n<p><a href=\"tel:5093809999\">(509) 380-9999<\/a><\/p>\n<p>info@morfinlawfirm.com<\/p>\n\t<iframe src=\"https:\/\/www.google.com\/maps\/embed\/v1\/place?q=732+N.+Center+Parkway%2C+Kennewick%2C+WA&#038;key=AIzaSyD09zQ9PNDNNy9TadMuzRV_UsPUoWKntt8\" aria-hidden=\"true\"><\/iframe>\n\t\t\t\t<img data-recalc-dims=\"1\" decoding=\"async\" loading=\"lazy\" src=\"https:\/\/i0.wp.com\/www.morfinlawfirm.com\/wp-content\/uploads\/2018\/10\/Morfin-Law-Firm_logo_color_darkbg_web_medium5.png?resize=1076%2C628&#038;ssl=1\" alt=\"Morfin-Law-Firm_logo_color_darkbg_web_medium5 Morfin Law Firm Eddie Edwardo Morfin Tri-Cities, WA Kennewick, Washington Personal Injury Law Attorney Lawyer Abogado Lay Derecho Da\u00f1os personales Protecci\u00f3n al Consumidor\" itemprop=\"image\" height=\"628\" width=\"1076\" title=\"Morfin-Law-Firm_logo_color_darkbg_web_medium5\" onerror=\"this.style.display='none'\"  \/>\n\t<h4>MORFIN LAW FIRM<\/h4>\n\t<a href=\"https:\/\/maps.google.com\/?q=732+N.+Center+Parkway+Kennewick,+WA+99336&amp;entry=gmail&amp;source=g\">732 N. Center Parkway<\/a>\n<a href=\"https:\/\/maps.google.com\/?q=7325+W.+Deschutes+Avenue,+Suite+B+Kennewick,+WA+99336&amp;entry=gmail&amp;source=g\">Kennewick, WA 99336<\/a>\n<a href=\"tel:5093809999\">(509) 380-9999<\/a>\n<a href=\"mailto:info@morfinlawfirm.com\">info@morfinlawfirm.com<\/a>\n\t<p><a href=\"https:\/\/www.morfinlawfirm.com\/es\/\">P\u00e1gina Principal<\/a><\/p>\n<p><a href=\"https:\/\/www.morfinlawfirm.com\/es\/quienes-somos\/\">\u00bfQui\u00e9nes somos?<\/a><\/p>\n<p><a href=\"https:\/\/www.morfinlawfirm.com\/es\/servicios-legals\/\">Servicios Legales<\/a><\/p>\n<p><a href=\"https:\/\/www.morfinlawfirm.com\/es\/recursos\/\">Recursos<\/a><\/p>\n<p><a href=\"https:\/\/www.morfinlawfirm.com\/es\/blog\/\">Blog<\/a><\/p>\n<p><a href=\"https:\/\/www.morfinlawfirm.com\/es\/contact\/\">Cont\u00e1ctenos<\/a><\/p>\n\t<p>Keep in touch!<\/p>\n\t<a rel=\"me\" target=\"_blank\" href=\"https:\/\/www.avvo.com\/attorneys\/99336-wa-edwardo-morfin-4632281.html\"><\/a>\n\t<p>\u00a9 2025 Morfin Law Firm &#8211; Kennewick, Washington. All Rights Reserved.<\/p>\n\n","protected":false},"excerpt":{"rendered":"<p>Contacto Informaci\u00f3n de contacto para Morf\u00edn Law Firm No dude en comunicarse con Morf\u00edn Law Firm para consultas o preguntas. Por favor recuerde que con someter su informaci\u00f3n no estaremos creando una relaci\u00f3n entre abogado-cliente, ni tampoco garantiza que tomaremos su caso. Direcci\u00f3n 732 N. Center Parkway Kennewick, WA 99336 Numero Telefonico (509) 380-9999 info@morfinlawfirm.com&hellip;<\/p>\n","protected":false},"author":1,"featured_media":0,"parent":0,"menu_order":0,"comment_status":"closed","ping_status":"closed","template":"","meta":{"nf_dc_page":"","_monsterinsights_skip_tracking":false,"_monsterinsights_sitenote_active":false,"_monsterinsights_sitenote_note":"","_monsterinsights_sitenote_category":0,"_uf_show_specific_survey":0,"_uf_disable_surveys":false,"footnotes":""},"class_list":["post-621","page","type-page","status-publish","hentry"],"yoast_head":"<!-- This site is optimized with the Yoast SEO plugin v27.5 - https:\/\/yoast.com\/product\/yoast-seo-wordpress\/ -->\n<title>Morfin Law Firm - Contact Information of Morfin Law Firm<\/title>\n<meta name=\"description\" content=\"Contact information for Morfin Law Firm. Get in contact with Edwardo Morfin, Attorney at Law, to learn more about legal resources available for you.\" \/>\n<meta name=\"robots\" content=\"index, follow, max-snippet:-1, max-image-preview:large, max-video-preview:-1\" \/>\n<link rel=\"canonical\" href=\"https:\/\/www.morfinlawfirm.com\/es\/contact\/\" \/>\n<meta property=\"og:locale\" content=\"es_ES\" \/>\n<meta property=\"og:type\" content=\"article\" \/>\n<meta property=\"og:title\" content=\"Contact \u2013\u00a0Morfin Law Firm\" \/>\n<meta property=\"og:description\" content=\"Contact information for Morfin Law Firm. Get in contact with Edwardo Morfin, Attorney at Law, to learn more about legal resources available for you.\" \/>\n<meta property=\"og:url\" content=\"https:\/\/www.morfinlawfirm.com\/es\/contact\/\" \/>\n<meta property=\"og:site_name\" content=\"Morfin Law Firm\" \/>\n<meta property=\"article:publisher\" content=\"https:\/\/www.facebook.com\/MorfinLawFirm\/\" \/>\n<meta property=\"article:modified_time\" content=\"2025-08-22T02:15:16+00:00\" \/>\n<meta property=\"og:image\" content=\"https:\/\/i0.wp.com\/www.morfinlawfirm.com\/wp-content\/uploads\/2018\/10\/Headshot-for-YJ-Forum.jpg?fit=1530%2C1401&ssl=1\" \/>\n\t<meta property=\"og:image:width\" content=\"1530\" \/>\n\t<meta property=\"og:image:height\" content=\"1401\" \/>\n\t<meta property=\"og:image:type\" content=\"image\/jpeg\" \/>\n<meta name=\"twitter:card\" content=\"summary_large_image\" \/>\n<meta name=\"twitter:title\" content=\"Contact \u2013 Morfin Law Firm\" \/>\n<meta name=\"twitter:description\" content=\"Contact information for Morfin Law Firm. Get in contact with Edwardo Morfin, Attorney at Law, to learn more about legal resources available for you.\" \/>\n<meta name=\"twitter:image\" content=\"https:\/\/i0.wp.com\/www.morfinlawfirm.com\/wp-content\/uploads\/2018\/10\/Headshot-for-YJ-Forum.jpg?fit=1530%2C1401&ssl=1\" \/>\n<meta name=\"twitter:label1\" content=\"Tiempo de lectura\" \/>\n\t<meta name=\"twitter:data1\" content=\"1 minuto\" \/>\n<script type=\"application\/ld+json\" class=\"yoast-schema-graph\">{\"@context\":\"https:\\\/\\\/schema.org\",\"@graph\":[{\"@type\":\"WebPage\",\"@id\":\"https:\\\/\\\/www.morfinlawfirm.com\\\/es\\\/contact\\\/\",\"url\":\"https:\\\/\\\/www.morfinlawfirm.com\\\/es\\\/contact\\\/\",\"name\":\"Morfin Law Firm - Contact Information of Morfin Law Firm\",\"isPartOf\":{\"@id\":\"https:\\\/\\\/www.morfinlawfirm.com\\\/es\\\/#website\"},\"primaryImageOfPage\":{\"@id\":\"https:\\\/\\\/www.morfinlawfirm.com\\\/es\\\/contact\\\/#primaryimage\"},\"image\":{\"@id\":\"https:\\\/\\\/www.morfinlawfirm.com\\\/es\\\/contact\\\/#primaryimage\"},\"thumbnailUrl\":\"https:\\\/\\\/www.morfinlawfirm.com\\\/wp-content\\\/uploads\\\/2018\\\/10\\\/Morfin-Law-Firm_logo_color_darkbg_web_medium5.png\",\"datePublished\":\"2018-08-24T23:08:18+00:00\",\"dateModified\":\"2025-08-22T02:15:16+00:00\",\"description\":\"Contact information for Morfin Law Firm. Get in contact with Edwardo Morfin, Attorney at Law, to learn more about legal resources available for you.\",\"breadcrumb\":{\"@id\":\"https:\\\/\\\/www.morfinlawfirm.com\\\/es\\\/contact\\\/#breadcrumb\"},\"inLanguage\":\"es\",\"potentialAction\":[{\"@type\":\"ReadAction\",\"target\":[\"https:\\\/\\\/www.morfinlawfirm.com\\\/es\\\/contact\\\/\"]}]},{\"@type\":\"ImageObject\",\"inLanguage\":\"es\",\"@id\":\"https:\\\/\\\/www.morfinlawfirm.com\\\/es\\\/contact\\\/#primaryimage\",\"url\":\"https:\\\/\\\/www.morfinlawfirm.com\\\/wp-content\\\/uploads\\\/2018\\\/10\\\/Morfin-Law-Firm_logo_color_darkbg_web_medium5.png\",\"contentUrl\":\"https:\\\/\\\/www.morfinlawfirm.com\\\/wp-content\\\/uploads\\\/2018\\\/10\\\/Morfin-Law-Firm_logo_color_darkbg_web_medium5.png\"},{\"@type\":\"BreadcrumbList\",\"@id\":\"https:\\\/\\\/www.morfinlawfirm.com\\\/es\\\/contact\\\/#breadcrumb\",\"itemListElement\":[{\"@type\":\"ListItem\",\"position\":1,\"name\":\"Home\",\"item\":\"https:\\\/\\\/www.morfinlawfirm.com\\\/es\\\/\"},{\"@type\":\"ListItem\",\"position\":2,\"name\":\"Contact\"}]},{\"@type\":\"WebSite\",\"@id\":\"https:\\\/\\\/www.morfinlawfirm.com\\\/es\\\/#website\",\"url\":\"https:\\\/\\\/www.morfinlawfirm.com\\\/es\\\/\",\"name\":\"Morfin Law Firm\",\"description\":\"Law Firm of Edwardo Morfin\",\"publisher\":{\"@id\":\"https:\\\/\\\/www.morfinlawfirm.com\\\/es\\\/#organization\"},\"potentialAction\":[{\"@type\":\"SearchAction\",\"target\":{\"@type\":\"EntryPoint\",\"urlTemplate\":\"https:\\\/\\\/www.morfinlawfirm.com\\\/es\\\/?s={search_term_string}\"},\"query-input\":{\"@type\":\"PropertyValueSpecification\",\"valueRequired\":true,\"valueName\":\"search_term_string\"}}],\"inLanguage\":\"es\"},{\"@type\":\"Organization\",\"@id\":\"https:\\\/\\\/www.morfinlawfirm.com\\\/es\\\/#organization\",\"name\":\"Morfin Law Firm\",\"url\":\"https:\\\/\\\/www.morfinlawfirm.com\\\/es\\\/\",\"logo\":{\"@type\":\"ImageObject\",\"inLanguage\":\"es\",\"@id\":\"https:\\\/\\\/www.morfinlawfirm.com\\\/es\\\/#\\\/schema\\\/logo\\\/image\\\/\",\"url\":\"https:\\\/\\\/i0.wp.com\\\/www.morfinlawfirm.com\\\/wp-content\\\/uploads\\\/2024\\\/03\\\/Morfin-Law-Firm_logo_color_darkbg-scaled.jpg?fit=2560%2C1627&ssl=1\",\"contentUrl\":\"https:\\\/\\\/i0.wp.com\\\/www.morfinlawfirm.com\\\/wp-content\\\/uploads\\\/2024\\\/03\\\/Morfin-Law-Firm_logo_color_darkbg-scaled.jpg?fit=2560%2C1627&ssl=1\",\"width\":2560,\"height\":1627,\"caption\":\"Morfin Law Firm\"},\"image\":{\"@id\":\"https:\\\/\\\/www.morfinlawfirm.com\\\/es\\\/#\\\/schema\\\/logo\\\/image\\\/\"},\"sameAs\":[\"https:\\\/\\\/www.facebook.com\\\/MorfinLawFirm\\\/\"]}]}<\/script>\n<!-- \/ Yoast SEO plugin. -->","yoast_head_json":{"title":"Morfin Law Firm - Contact Information of Morfin Law Firm","description":"Contact information for Morfin Law Firm. Get in contact with Edwardo Morfin, Attorney at Law, to learn more about legal resources available for you.","robots":{"index":"index","follow":"follow","max-snippet":"max-snippet:-1","max-image-preview":"max-image-preview:large","max-video-preview":"max-video-preview:-1"},"canonical":"https:\/\/www.morfinlawfirm.com\/es\/contact\/","og_locale":"es_ES","og_type":"article","og_title":"Contact \u2013\u00a0Morfin Law Firm","og_description":"Contact information for Morfin Law Firm. Get in contact with Edwardo Morfin, Attorney at Law, to learn more about legal resources available for you.","og_url":"https:\/\/www.morfinlawfirm.com\/es\/contact\/","og_site_name":"Morfin Law Firm","article_publisher":"https:\/\/www.facebook.com\/MorfinLawFirm\/","article_modified_time":"2025-08-22T02:15:16+00:00","og_image":[{"width":1530,"height":1401,"url":"https:\/\/i0.wp.com\/www.morfinlawfirm.com\/wp-content\/uploads\/2018\/10\/Headshot-for-YJ-Forum.jpg?fit=1530%2C1401&ssl=1","type":"image\/jpeg"}],"twitter_card":"summary_large_image","twitter_title":"Contact \u2013 Morfin Law Firm","twitter_description":"Contact information for Morfin Law Firm. Get in contact with Edwardo Morfin, Attorney at Law, to learn more about legal resources available for you.","twitter_image":"https:\/\/i0.wp.com\/www.morfinlawfirm.com\/wp-content\/uploads\/2018\/10\/Headshot-for-YJ-Forum.jpg?fit=1530%2C1401&ssl=1","twitter_misc":{"Tiempo de lectura":"1 minuto"},"schema":{"@context":"https:\/\/schema.org","@graph":[{"@type":"WebPage","@id":"https:\/\/www.morfinlawfirm.com\/es\/contact\/","url":"https:\/\/www.morfinlawfirm.com\/es\/contact\/","name":"Morfin Law Firm - Contact Information of Morfin Law Firm","isPartOf":{"@id":"https:\/\/www.morfinlawfirm.com\/es\/#website"},"primaryImageOfPage":{"@id":"https:\/\/www.morfinlawfirm.com\/es\/contact\/#primaryimage"},"image":{"@id":"https:\/\/www.morfinlawfirm.com\/es\/contact\/#primaryimage"},"thumbnailUrl":"https:\/\/www.morfinlawfirm.com\/wp-content\/uploads\/2018\/10\/Morfin-Law-Firm_logo_color_darkbg_web_medium5.png","datePublished":"2018-08-24T23:08:18+00:00","dateModified":"2025-08-22T02:15:16+00:00","description":"Contact information for Morfin Law Firm. Get in contact with Edwardo Morfin, Attorney at Law, to learn more about legal resources available for you.","breadcrumb":{"@id":"https:\/\/www.morfinlawfirm.com\/es\/contact\/#breadcrumb"},"inLanguage":"es","potentialAction":[{"@type":"ReadAction","target":["https:\/\/www.morfinlawfirm.com\/es\/contact\/"]}]},{"@type":"ImageObject","inLanguage":"es","@id":"https:\/\/www.morfinlawfirm.com\/es\/contact\/#primaryimage","url":"https:\/\/www.morfinlawfirm.com\/wp-content\/uploads\/2018\/10\/Morfin-Law-Firm_logo_color_darkbg_web_medium5.png","contentUrl":"https:\/\/www.morfinlawfirm.com\/wp-content\/uploads\/2018\/10\/Morfin-Law-Firm_logo_color_darkbg_web_medium5.png"},{"@type":"BreadcrumbList","@id":"https:\/\/www.morfinlawfirm.com\/es\/contact\/#breadcrumb","itemListElement":[{"@type":"ListItem","position":1,"name":"Home","item":"https:\/\/www.morfinlawfirm.com\/es\/"},{"@type":"ListItem","position":2,"name":"Contact"}]},{"@type":"WebSite","@id":"https:\/\/www.morfinlawfirm.com\/es\/#website","url":"https:\/\/www.morfinlawfirm.com\/es\/","name":"Morfin Law Firm","description":"Law Firm of Edwardo Morfin","publisher":{"@id":"https:\/\/www.morfinlawfirm.com\/es\/#organization"},"potentialAction":[{"@type":"SearchAction","target":{"@type":"EntryPoint","urlTemplate":"https:\/\/www.morfinlawfirm.com\/es\/?s={search_term_string}"},"query-input":{"@type":"PropertyValueSpecification","valueRequired":true,"valueName":"search_term_string"}}],"inLanguage":"es"},{"@type":"Organization","@id":"https:\/\/www.morfinlawfirm.com\/es\/#organization","name":"Morfin Law Firm","url":"https:\/\/www.morfinlawfirm.com\/es\/","logo":{"@type":"ImageObject","inLanguage":"es","@id":"https:\/\/www.morfinlawfirm.com\/es\/#\/schema\/logo\/image\/","url":"https:\/\/i0.wp.com\/www.morfinlawfirm.com\/wp-content\/uploads\/2024\/03\/Morfin-Law-Firm_logo_color_darkbg-scaled.jpg?fit=2560%2C1627&ssl=1","contentUrl":"https:\/\/i0.wp.com\/www.morfinlawfirm.com\/wp-content\/uploads\/2024\/03\/Morfin-Law-Firm_logo_color_darkbg-scaled.jpg?fit=2560%2C1627&ssl=1","width":2560,"height":1627,"caption":"Morfin Law Firm"},"image":{"@id":"https:\/\/www.morfinlawfirm.com\/es\/#\/schema\/logo\/image\/"},"sameAs":["https:\/\/www.facebook.com\/MorfinLawFirm\/"]}]}},"jetpack_sharing_enabled":true,"_links":{"self":[{"href":"https:\/\/www.morfinlawfirm.com\/es\/wp-json\/wp\/v2\/pages\/621","targetHints":{"allow":["GET"]}}],"collection":[{"href":"https:\/\/www.morfinlawfirm.com\/es\/wp-json\/wp\/v2\/pages"}],"about":[{"href":"https:\/\/www.morfinlawfirm.com\/es\/wp-json\/wp\/v2\/types\/page"}],"author":[{"embeddable":true,"href":"https:\/\/www.morfinlawfirm.com\/es\/wp-json\/wp\/v2\/users\/1"}],"replies":[{"embeddable":true,"href":"https:\/\/www.morfinlawfirm.com\/es\/wp-json\/wp\/v2\/comments?post=621"}],"version-history":[{"count":5,"href":"https:\/\/www.morfinlawfirm.com\/es\/wp-json\/wp\/v2\/pages\/621\/revisions"}],"predecessor-version":[{"id":835,"href":"https:\/\/www.morfinlawfirm.com\/es\/wp-json\/wp\/v2\/pages\/621\/revisions\/835"}],"wp:attachment":[{"href":"https:\/\/www.morfinlawfirm.com\/es\/wp-json\/wp\/v2\/media?parent=621"}],"curies":[{"name":"wp","href":"https:\/\/api.w.org\/{rel}","templated":true}]}}