{"id":622,"date":"2020-12-23T14:59:04","date_gmt":"2020-12-23T22:59:04","guid":{"rendered":"https:\/\/www.morfinlawfirm.com\/blog\/"},"modified":"2021-04-19T19:24:51","modified_gmt":"2021-04-20T02:24:51","slug":"blog","status":"publish","type":"page","link":"https:\/\/www.morfinlawfirm.com\/es\/blog\/","title":{"rendered":"Blog"},"content":{"rendered":"\n\n\t<h1>Blog<\/h1>\n\t<p>Noticias e informaci\u00f3n \u00fatil de Morf\u00edn Law Firm<\/p>\n\t<h5>Ll\u00e1menos para una consulta gratuita hoy.<\/h5>\n<p>Le gustar\u00eda aprender m\u00e1s? Ll\u00e1menos para hablar con Eddie.<\/p>\n\t\t\t<a href=\"tel:5093809999\" target=\"_self\" role=\"button\" rel=\"noopener\">\n\t\t\t\t\t\t\t(509) 380-9999\n\t\t\t\t\t<\/a>\n\t\t\t\t<img data-recalc-dims=\"1\" decoding=\"async\" loading=\"lazy\" src=\"https:\/\/i0.wp.com\/www.morfinlawfirm.com\/wp-content\/uploads\/2018\/10\/Morfin-Law-Firm_logo_color_darkbg_web_medium5.png?resize=1076%2C628&#038;ssl=1\" alt=\"Morfin-Law-Firm_logo_color_darkbg_web_medium5 Morfin Law Firm Eddie Edwardo Morfin Tri-Cities, WA Kennewick, Washington Personal Injury Law Attorney Lawyer Abogado Lay Derecho Da\u00f1os personales Protecci\u00f3n al Consumidor\" itemprop=\"image\" height=\"628\" width=\"1076\" title=\"Morfin-Law-Firm_logo_color_darkbg_web_medium5\" onerror=\"this.style.display='none'\"  \/>\n\t<h4>MORFIN LAW FIRM<\/h4>\n\t<a href=\"https:\/\/maps.google.com\/?q=7325+W.+Deschutes+Avenue,+Suite+B+Kennewick,+WA+99336&amp;entry=gmail&amp;source=g\">7325 W. Deschutes Avenue, Suite A<\/a>\n<a href=\"https:\/\/maps.google.com\/?q=7325+W.+Deschutes+Avenue,+Suite+B+Kennewick,+WA+99336&amp;entry=gmail&amp;source=g\">Kennewick, WA 99336<\/a>\n<a href=\"tel:5093809999\">(509) 380-9999<\/a>\n<a href=\"mailto:info@morfinlawfirm.com\">info@morfinlawfirm.com<\/a>\n\t\n\n\n\n\n\n\t<p>Keep in touch!<\/p>\n\t<a rel=\"me noopener\" target=\"_blank\" href=\"https:\/\/www.avvo.com\/attorneys\/99336-wa-edwardo-morfin-4632281.html\"><\/a>\n\t<p>\u00a9 2021 Morfin Law Firm &#8211; Kennewick, Washington. All Rights Reserved.<\/p>\n\n","protected":false},"excerpt":{"rendered":"<p>Blog Noticias e informaci\u00f3n \u00fatil de Morf\u00edn Law Firm Ll\u00e1menos para una consulta gratuita hoy. Le gustar\u00eda aprender m\u00e1s? Ll\u00e1menos para hablar con Eddie. (509) 380-9999 MORFIN LAW FIRM 7325 W. Deschutes Avenue, Suite A Kennewick, WA 99336 (509) 380-9999 info@morfinlawfirm.com Keep in touch! \u00a9 2021 Morfin Law Firm &#8211; Kennewick, Washington. All Rights Reserved.<\/p>\n","protected":false},"author":1,"featured_media":0,"parent":0,"menu_order":0,"comment_status":"closed","ping_status":"closed","template":"","meta":{"nf_dc_page":"","_monsterinsights_skip_tracking":false,"_monsterinsights_sitenote_active":false,"_monsterinsights_sitenote_note":"","_monsterinsights_sitenote_category":0,"_uf_show_specific_survey":0,"_uf_disable_surveys":false,"footnotes":""},"class_list":["post-622","page","type-page","status-publish","hentry"],"yoast_head":"<!-- This site is optimized with the Yoast SEO plugin v27.5 - https:\/\/yoast.com\/product\/yoast-seo-wordpress\/ -->\n<title>Morfin Law Firm - Blog de Morf\u00edn Law Firm y Edwardo Morfin<\/title>\n<meta name=\"description\" content=\"Blog and helpful information from Morfin Law Firm regarding legal insights, insurance coverages, and thoughts from Edwardo Morfin, Attorney at Law.\" \/>\n<meta name=\"robots\" content=\"index, follow, max-snippet:-1, max-image-preview:large, max-video-preview:-1\" \/>\n<link rel=\"canonical\" href=\"https:\/\/www.morfinlawfirm.com\/es\/blog\/\" \/>\n<meta property=\"og:locale\" content=\"es_ES\" \/>\n<meta property=\"og:type\" content=\"article\" \/>\n<meta property=\"og:title\" content=\"Morfin Law Firm - Blog de Morf\u00edn Law Firm y Edwardo Morfin\" \/>\n<meta property=\"og:description\" content=\"Blog and helpful information from Morfin Law Firm regarding legal insights, insurance coverages, and thoughts from Edwardo Morfin, Attorney at Law.\" \/>\n<meta property=\"og:url\" content=\"https:\/\/www.morfinlawfirm.com\/es\/blog\/\" \/>\n<meta property=\"og:site_name\" content=\"Morfin Law Firm\" \/>\n<meta property=\"article:publisher\" content=\"https:\/\/www.facebook.com\/MorfinLawFirm\/\" \/>\n<meta property=\"article:modified_time\" content=\"2021-04-20T02:24:51+00:00\" \/>\n<meta property=\"og:image\" content=\"https:\/\/www.morfinlawfirm.com\/wp-content\/uploads\/2018\/10\/Headshot-for-YJ-Forum.jpg\" \/>\n<meta name=\"twitter:card\" content=\"summary_large_image\" \/>\n<meta name=\"twitter:image\" content=\"https:\/\/www.morfinlawfirm.com\/wp-content\/uploads\/2018\/10\/Headshot-for-YJ-Forum.jpg\" \/>\n<script type=\"application\/ld+json\" class=\"yoast-schema-graph\">{\"@context\":\"https:\\\/\\\/schema.org\",\"@graph\":[{\"@type\":\"WebPage\",\"@id\":\"https:\\\/\\\/www.morfinlawfirm.com\\\/es\\\/blog\\\/\",\"url\":\"https:\\\/\\\/www.morfinlawfirm.com\\\/es\\\/blog\\\/\",\"name\":\"Morfin Law Firm - Blog de Morf\u00edn Law Firm y Edwardo Morfin\",\"isPartOf\":{\"@id\":\"https:\\\/\\\/www.morfinlawfirm.com\\\/es\\\/#website\"},\"primaryImageOfPage\":{\"@id\":\"https:\\\/\\\/www.morfinlawfirm.com\\\/es\\\/blog\\\/#primaryimage\"},\"image\":{\"@id\":\"https:\\\/\\\/www.morfinlawfirm.com\\\/es\\\/blog\\\/#primaryimage\"},\"thumbnailUrl\":\"https:\\\/\\\/www.morfinlawfirm.com\\\/wp-content\\\/uploads\\\/2018\\\/10\\\/Morfin-Law-Firm_logo_color_darkbg_web_medium5.png\",\"datePublished\":\"2020-12-23T22:59:04+00:00\",\"dateModified\":\"2021-04-20T02:24:51+00:00\",\"description\":\"Blog and helpful information from Morfin Law Firm regarding legal insights, insurance coverages, and thoughts from Edwardo Morfin, Attorney at Law.\",\"breadcrumb\":{\"@id\":\"https:\\\/\\\/www.morfinlawfirm.com\\\/es\\\/blog\\\/#breadcrumb\"},\"inLanguage\":\"es\",\"potentialAction\":[{\"@type\":\"ReadAction\",\"target\":[\"https:\\\/\\\/www.morfinlawfirm.com\\\/es\\\/blog\\\/\"]}]},{\"@type\":\"ImageObject\",\"inLanguage\":\"es\",\"@id\":\"https:\\\/\\\/www.morfinlawfirm.com\\\/es\\\/blog\\\/#primaryimage\",\"url\":\"https:\\\/\\\/www.morfinlawfirm.com\\\/wp-content\\\/uploads\\\/2018\\\/10\\\/Morfin-Law-Firm_logo_color_darkbg_web_medium5.png\",\"contentUrl\":\"https:\\\/\\\/www.morfinlawfirm.com\\\/wp-content\\\/uploads\\\/2018\\\/10\\\/Morfin-Law-Firm_logo_color_darkbg_web_medium5.png\"},{\"@type\":\"BreadcrumbList\",\"@id\":\"https:\\\/\\\/www.morfinlawfirm.com\\\/es\\\/blog\\\/#breadcrumb\",\"itemListElement\":[{\"@type\":\"ListItem\",\"position\":1,\"name\":\"Home\",\"item\":\"https:\\\/\\\/www.morfinlawfirm.com\\\/es\\\/\"},{\"@type\":\"ListItem\",\"position\":2,\"name\":\"Blog\"}]},{\"@type\":\"WebSite\",\"@id\":\"https:\\\/\\\/www.morfinlawfirm.com\\\/es\\\/#website\",\"url\":\"https:\\\/\\\/www.morfinlawfirm.com\\\/es\\\/\",\"name\":\"Morfin Law Firm\",\"description\":\"Law Firm of Edwardo Morfin\",\"publisher\":{\"@id\":\"https:\\\/\\\/www.morfinlawfirm.com\\\/es\\\/#organization\"},\"potentialAction\":[{\"@type\":\"SearchAction\",\"target\":{\"@type\":\"EntryPoint\",\"urlTemplate\":\"https:\\\/\\\/www.morfinlawfirm.com\\\/es\\\/?s={search_term_string}\"},\"query-input\":{\"@type\":\"PropertyValueSpecification\",\"valueRequired\":true,\"valueName\":\"search_term_string\"}}],\"inLanguage\":\"es\"},{\"@type\":\"Organization\",\"@id\":\"https:\\\/\\\/www.morfinlawfirm.com\\\/es\\\/#organization\",\"name\":\"Morfin Law Firm\",\"url\":\"https:\\\/\\\/www.morfinlawfirm.com\\\/es\\\/\",\"logo\":{\"@type\":\"ImageObject\",\"inLanguage\":\"es\",\"@id\":\"https:\\\/\\\/www.morfinlawfirm.com\\\/es\\\/#\\\/schema\\\/logo\\\/image\\\/\",\"url\":\"https:\\\/\\\/i0.wp.com\\\/www.morfinlawfirm.com\\\/wp-content\\\/uploads\\\/2024\\\/03\\\/Morfin-Law-Firm_logo_color_darkbg-scaled.jpg?fit=2560%2C1627&ssl=1\",\"contentUrl\":\"https:\\\/\\\/i0.wp.com\\\/www.morfinlawfirm.com\\\/wp-content\\\/uploads\\\/2024\\\/03\\\/Morfin-Law-Firm_logo_color_darkbg-scaled.jpg?fit=2560%2C1627&ssl=1\",\"width\":2560,\"height\":1627,\"caption\":\"Morfin Law Firm\"},\"image\":{\"@id\":\"https:\\\/\\\/www.morfinlawfirm.com\\\/es\\\/#\\\/schema\\\/logo\\\/image\\\/\"},\"sameAs\":[\"https:\\\/\\\/www.facebook.com\\\/MorfinLawFirm\\\/\"]}]}<\/script>\n<!-- \/ Yoast SEO plugin. -->","yoast_head_json":{"title":"Morfin Law Firm - Blog de Morf\u00edn Law Firm y Edwardo Morfin","description":"Blog and helpful information from Morfin Law Firm regarding legal insights, insurance coverages, and thoughts from Edwardo Morfin, Attorney at Law.","robots":{"index":"index","follow":"follow","max-snippet":"max-snippet:-1","max-image-preview":"max-image-preview:large","max-video-preview":"max-video-preview:-1"},"canonical":"https:\/\/www.morfinlawfirm.com\/es\/blog\/","og_locale":"es_ES","og_type":"article","og_title":"Morfin Law Firm - Blog de Morf\u00edn Law Firm y Edwardo Morfin","og_description":"Blog and helpful information from Morfin Law Firm regarding legal insights, insurance coverages, and thoughts from Edwardo Morfin, Attorney at Law.","og_url":"https:\/\/www.morfinlawfirm.com\/es\/blog\/","og_site_name":"Morfin Law Firm","article_publisher":"https:\/\/www.facebook.com\/MorfinLawFirm\/","article_modified_time":"2021-04-20T02:24:51+00:00","og_image":[{"url":"https:\/\/www.morfinlawfirm.com\/wp-content\/uploads\/2018\/10\/Headshot-for-YJ-Forum.jpg","type":"","width":"","height":""}],"twitter_card":"summary_large_image","twitter_image":"https:\/\/www.morfinlawfirm.com\/wp-content\/uploads\/2018\/10\/Headshot-for-YJ-Forum.jpg","schema":{"@context":"https:\/\/schema.org","@graph":[{"@type":"WebPage","@id":"https:\/\/www.morfinlawfirm.com\/es\/blog\/","url":"https:\/\/www.morfinlawfirm.com\/es\/blog\/","name":"Morfin Law Firm - Blog de Morf\u00edn Law Firm y Edwardo Morfin","isPartOf":{"@id":"https:\/\/www.morfinlawfirm.com\/es\/#website"},"primaryImageOfPage":{"@id":"https:\/\/www.morfinlawfirm.com\/es\/blog\/#primaryimage"},"image":{"@id":"https:\/\/www.morfinlawfirm.com\/es\/blog\/#primaryimage"},"thumbnailUrl":"https:\/\/www.morfinlawfirm.com\/wp-content\/uploads\/2018\/10\/Morfin-Law-Firm_logo_color_darkbg_web_medium5.png","datePublished":"2020-12-23T22:59:04+00:00","dateModified":"2021-04-20T02:24:51+00:00","description":"Blog and helpful information from Morfin Law Firm regarding legal insights, insurance coverages, and thoughts from Edwardo Morfin, Attorney at Law.","breadcrumb":{"@id":"https:\/\/www.morfinlawfirm.com\/es\/blog\/#breadcrumb"},"inLanguage":"es","potentialAction":[{"@type":"ReadAction","target":["https:\/\/www.morfinlawfirm.com\/es\/blog\/"]}]},{"@type":"ImageObject","inLanguage":"es","@id":"https:\/\/www.morfinlawfirm.com\/es\/blog\/#primaryimage","url":"https:\/\/www.morfinlawfirm.com\/wp-content\/uploads\/2018\/10\/Morfin-Law-Firm_logo_color_darkbg_web_medium5.png","contentUrl":"https:\/\/www.morfinlawfirm.com\/wp-content\/uploads\/2018\/10\/Morfin-Law-Firm_logo_color_darkbg_web_medium5.png"},{"@type":"BreadcrumbList","@id":"https:\/\/www.morfinlawfirm.com\/es\/blog\/#breadcrumb","itemListElement":[{"@type":"ListItem","position":1,"name":"Home","item":"https:\/\/www.morfinlawfirm.com\/es\/"},{"@type":"ListItem","position":2,"name":"Blog"}]},{"@type":"WebSite","@id":"https:\/\/www.morfinlawfirm.com\/es\/#website","url":"https:\/\/www.morfinlawfirm.com\/es\/","name":"Morfin Law Firm","description":"Law Firm of Edwardo Morfin","publisher":{"@id":"https:\/\/www.morfinlawfirm.com\/es\/#organization"},"potentialAction":[{"@type":"SearchAction","target":{"@type":"EntryPoint","urlTemplate":"https:\/\/www.morfinlawfirm.com\/es\/?s={search_term_string}"},"query-input":{"@type":"PropertyValueSpecification","valueRequired":true,"valueName":"search_term_string"}}],"inLanguage":"es"},{"@type":"Organization","@id":"https:\/\/www.morfinlawfirm.com\/es\/#organization","name":"Morfin Law Firm","url":"https:\/\/www.morfinlawfirm.com\/es\/","logo":{"@type":"ImageObject","inLanguage":"es","@id":"https:\/\/www.morfinlawfirm.com\/es\/#\/schema\/logo\/image\/","url":"https:\/\/i0.wp.com\/www.morfinlawfirm.com\/wp-content\/uploads\/2024\/03\/Morfin-Law-Firm_logo_color_darkbg-scaled.jpg?fit=2560%2C1627&ssl=1","contentUrl":"https:\/\/i0.wp.com\/www.morfinlawfirm.com\/wp-content\/uploads\/2024\/03\/Morfin-Law-Firm_logo_color_darkbg-scaled.jpg?fit=2560%2C1627&ssl=1","width":2560,"height":1627,"caption":"Morfin Law Firm"},"image":{"@id":"https:\/\/www.morfinlawfirm.com\/es\/#\/schema\/logo\/image\/"},"sameAs":["https:\/\/www.facebook.com\/MorfinLawFirm\/"]}]}},"jetpack_sharing_enabled":true,"_links":{"self":[{"href":"https:\/\/www.morfinlawfirm.com\/es\/wp-json\/wp\/v2\/pages\/622","targetHints":{"allow":["GET"]}}],"collection":[{"href":"https:\/\/www.morfinlawfirm.com\/es\/wp-json\/wp\/v2\/pages"}],"about":[{"href":"https:\/\/www.morfinlawfirm.com\/es\/wp-json\/wp\/v2\/types\/page"}],"author":[{"embeddable":true,"href":"https:\/\/www.morfinlawfirm.com\/es\/wp-json\/wp\/v2\/users\/1"}],"replies":[{"embeddable":true,"href":"https:\/\/www.morfinlawfirm.com\/es\/wp-json\/wp\/v2\/comments?post=622"}],"version-history":[{"count":4,"href":"https:\/\/www.morfinlawfirm.com\/es\/wp-json\/wp\/v2\/pages\/622\/revisions"}],"predecessor-version":[{"id":704,"href":"https:\/\/www.morfinlawfirm.com\/es\/wp-json\/wp\/v2\/pages\/622\/revisions\/704"}],"wp:attachment":[{"href":"https:\/\/www.morfinlawfirm.com\/es\/wp-json\/wp\/v2\/media?parent=622"}],"curies":[{"name":"wp","href":"https:\/\/api.w.org\/{rel}","templated":true}]}}