{"id":633,"date":"2020-12-23T15:29:33","date_gmt":"2020-12-23T23:29:33","guid":{"rendered":"https:\/\/www.morfinlawfirm.com\/pagina-principal\/"},"modified":"2025-08-21T19:31:47","modified_gmt":"2025-08-22T02:31:47","slug":"pagina-principal","status":"publish","type":"page","link":"https:\/\/www.morfinlawfirm.com\/es\/","title":{"rendered":"P\u00e1gina Principal"},"content":{"rendered":"\n<h1>\n\t\t\u00bfUSTED FUE LESIONADO EN UN ACCIDENTE AUTOMOVILISTICO O CHOQUE DE AUTO?<br \/>\u00bfUSTED FUE ROBADO Y ENGA\u00d1ADO POR UN NEGOCIO DESHONESTO?<br \/>\n\t<\/h1>\n\t<p>Cuando usted ha sido lesionado, lastimado, or da\u00f1ado por culpa de otra persona, o ha sido enga\u00f1ado por una compa\u00f1\u00eda de mala reputaci\u00f3n, es posible que s\u00f3lo desee respuestas a sus preguntas, y tal vez alg\u00fan consejo legal. Sean cuales sean sus necesidades o preguntas legales, <em>Morf\u00edn Law Firm est\u00e1 aqu\u00ed para servirle.<\/em><\/p>\n\t<h6>En Morf\u00edn Law Firm, somos dedicados, compasivos, y tenaces.<\/h6>\n<h6><em>Adem\u00e1s, le damos la prioridad a nuestros clientes.<\/em><\/h6>\n\t\t\t<a href=\"https:\/\/www.morfinlawfirm.com\/es\/servicios-legals\/\" target=\"_self\">\n\t\t\t\t\t\t\tServicios Legales\n\t\t\t\t\t<\/a>\n\t<h2>Nosotros ofrecemos consultas gratis y sin obligaci\u00f3n.<\/h2>\n<p>Perm\u00edtanos contestar sus preguntas, y si la representaci\u00f3n legal es apropiada para usted, estaremos encantados de proveerle la representaci\u00f3n entusiasta que necesita. Nos aseguraremos de que usted sea escuchado y de que su caso sea atendido.<\/p>\n\t<h5>\u00bfHa sido herido recientemente o ha estado involucrado en un accidente de auto?<\/h5>\n<p>En Morf\u00edn Law Firm, tenemos experiences valiosa en el manejo de reclamos de lesiones personales para clientes, y consiguiendo millones en compensaci\u00f3n para ellos. Nos enorgullece obtener resultados excelentes para nuestros clientes. Nos importa los intereses de nuestros clientes, y lo demonstramos.<\/p>\n<h5>Ofrecemos consultas gratuitas y nos enorgullece al ayudar a las personas, incluso si lo \u00fanico que se necesita es un buen asesoramiento legal.<\/h5>\n\t\t\t<a href=\"tel:5093809999\" target=\"_self\">\n\t\t\t\t\t\t\tConsulta gratis\n\t\t\t\t\t<\/a>\n\t<h2>Filosof\u00eda<\/h2>\n<p>El principio que nos gu\u00eda en Morf\u00edn Law Firm es esforzarnos por ser el bufete de abogados en el cual nosotros mismos querr\u00edamos ser representados. Queremos asegurarnos de que somos el tipo de bufete de abogados que nosotros querr\u00edamos contratar.<\/p>\n\t<h2>\u00bfPor qu\u00e9 Morf\u00edn Law Firm?<\/h2>\n<p>Cuando usted visite Morf\u00edn Law Form, su consulta gratuita ser\u00e1 con un abogado real, que tomar\u00e1 el tiempo para contestar sus preguntas y realmente intentar\u00e1 ayudarlo.<\/p>\n\t\t\t<a href=\"https:\/\/www.morfinlawfirm.com\/es\/quienes-somos\/\" target=\"_self\">\n\t\t\t\t\t\t\tAprende m\u00e1s\n\t\t\t\t\t<\/a>\n\t\t\t\t<img data-recalc-dims=\"1\" decoding=\"async\" loading=\"lazy\" src=\"https:\/\/i0.wp.com\/www.morfinlawfirm.com\/wp-content\/uploads\/2018\/10\/Headshot-for-YJ-Forum.jpg?resize=1530%2C1401&#038;ssl=1\" alt=\"Eddie Morfin Personal Injury Lawyer\" itemprop=\"image\" height=\"1401\" width=\"1530\" title=\"Eddie Morfin, Personal Injury Lawyer\" onerror=\"this.style.display='none'\"  \/>\n\t<h5>Edwardo Morf\u00edn, <em>Abogado<\/em><\/h5>\n<p>Eddie Morf\u00edn, abogado de Morf\u00edn Law Firm, ha ayudado a recaudar millones en compensaci\u00f3n para los clientes lesionados por la negligencia de otros, as\u00ed como ha ayudado a muchos con sus reclamos de la Ley de Protecci\u00f3n al Consumidor. Ademas, tiene un gran inter\u00e9s en ayudar a los clientes a hacer valer sus derechos cuando han sido despedidos o discriminados injustamente en su lugar de trabajo.<\/p>\n<p>Sobre todo, Eddie disfruta ayudar a la gente, lo que es evidente por los muchos premios de servicio p\u00fablico y el reconocimiento que ha recibido.<\/p>\n<h5>Aprende m\u00e1s sobre Eddie <a href=\"https:\/\/www.morfinlawfirm.com\/es\/quienes-somos\/\">aqu\u00ed<\/a>.<\/h5>\n\t<h5>Testimonios de Clientes<\/h5>\n\t\t\t<p><em>&#8220;Realmente hizo m\u00e1s de lo que podr\u00eda pedir. Realmente se encarg\u00f3 de mi caso, contestando a mis BILLONES de preguntas y llamadas&#8230; regresando mis llamadas r\u00e1pidamente. Edwardo verdaderamente fue m\u00e1s all\u00e1 de lo esperado en mi caso&#8230; definitivamente recomendar\u00eda Edwardo a mi familia y amigos para necesidades similares&#8230;&#8221;<\/em><\/p>\n<p><em>-Esmeralda L\u00f3pez<\/em><\/p>\t\t\n\t\t\t<p><em>&#8220;Fue m\u00e1s all\u00e1 de lo esperado para asegurarse de que mi hijo fuera tratado de manera justa. Los resultados obtenidos superaron nuestras expectativas. Su conocimiento de la ley de la aseguranza era impresionante. \u00a1Eddie eres una estrella!&#8221;<\/em><\/p>\n<p><em>-C. S.<\/em><\/p>\t\t\n\t\t\t<p><em>&#8220;Gracias por su respuesta r\u00e1pida, y consejo profesional! Recomendar\u00e9 sus servicios a nuestros miembros para cualquier necesidad en el futuro&#8221;<\/em><\/p>\n<p><em>-Dave Roberts, Presidente de USW Local 12-369<\/em><\/p>\t\t\n\t<h5>Frequently Asked Questions<\/h5>\n\t\t\t\t\t<a href=\"javascript:void(0);\" id=\"fl-accordion--label-0\" tabindex=\"0\" aria-controls=\"fl-accordion--panel-0\">What are some typical &#8220;personal injury&#8221; cases?<\/a>\n\t\t\t\t\t\t\t\t\t\t\t<a href=\"#\" id=\"fl-accordion--icon-0\" tabindex=\"-1\" aria-controls=\"fl-accordion--panel-0\"><i>Expand<\/i><\/a>\n\t\t\t\t\t<p>Some typical personal injury cases can include claims for injuries caused in a car crash or motor vehicle accident, a motorcycle accident, a trucking accident, a dog bite, a slip and fall at a business, and many other situations where injuries or damages are caused by someone else&#8217;s negligence. <a href=\"https:\/\/www.morfinlawfirm.com\/es\/servicios-legals\/\">Learn more about our areas of practice.<\/a><\/p>\n\t\t\t\t\t<a href=\"javascript:void(0);\" id=\"fl-accordion--label-1\" tabindex=\"0\" aria-controls=\"fl-accordion--panel-1\">What is needed for a personal injury case?<\/a>\n\t\t\t\t\t\t\t\t\t\t\t<a href=\"#\" id=\"fl-accordion--icon-1\" tabindex=\"-1\" aria-controls=\"fl-accordion--panel-1\"><i>Expand<\/i><\/a>\n\t\t\t\t\t<p>First, in order to have a viable claim, a person needs to have suffered damages as a result of someone else&#8217;s negligence. The injuries also need to have been caused by another person&#8217;s negligence. There also needs to be a source of recovery, typically insurance or property and assets, to pay for and cover the damages caused by the person&#8217;s negligence.<\/p>\n\t\t\t\t\t<a href=\"javascript:void(0);\" id=\"fl-accordion--label-2\" tabindex=\"0\" aria-controls=\"fl-accordion--panel-2\">Is it possible to get free legal advice?<\/a>\n\t\t\t\t\t\t\t\t\t\t\t<a href=\"#\" id=\"fl-accordion--icon-2\" tabindex=\"-1\" aria-controls=\"fl-accordion--panel-2\"><i>Expand<\/i><\/a>\n\t\t\t\t\t<p>Yes.\u00a0 Morfin Law Firm is happy to offer free consultations for personal injury, consumer protection act, and employment law claims.\u00a0 In fact, many personal injury law firms also offer free consultations, and it is a great service to take advantage of.<\/p>\n<p>You may also find general information regarding your legal issue by visiting our <a href=\"http:\/\/resources\">Resources Page<\/a>.<\/p>\n\t<h5>Para m\u00e1s recursos, visite nuestro pagina de <a href=\"https:\/\/www.morfinlawfirm.com\/es\/recursos\/\">Rescursos<\/a>.<\/h5>\n\t<h5>Ll\u00e1menos para una consulta gratuita hoy.<\/h5>\n<p>Su caso es importante, al igual que escuchar a usted y a su historia. Llame a Morf\u00edn Law Firm y hablar directamente con Eddie hoy mismo.<\/p>\n\t\t\t<a href=\"tel:5093809999\" target=\"_self\">\n\t\t\t\t\t\t\t(509) 380-9999\n\t\t\t\t\t<\/a>\n\t\t\t\t<img data-recalc-dims=\"1\" decoding=\"async\" loading=\"lazy\" src=\"https:\/\/i0.wp.com\/www.morfinlawfirm.com\/wp-content\/uploads\/2018\/10\/Morfin-Law-Firm_logo_color_darkbg_web_medium5.png?resize=1076%2C628&#038;ssl=1\" alt=\"Morfin-Law-Firm_logo_color_darkbg_web_medium5 Morfin Law Firm Eddie Edwardo Morfin Tri-Cities, WA Kennewick, Washington Personal Injury Law Attorney Lawyer Abogado Lay Derecho Da\u00f1os personales Protecci\u00f3n al Consumidor\" itemprop=\"image\" height=\"628\" width=\"1076\" title=\"Morfin-Law-Firm_logo_color_darkbg_web_medium5\" onerror=\"this.style.display='none'\"  \/>\n\t<h4>MORFIN LAW FIRM<\/h4>\n\t<a href=\"https:\/\/maps.google.com\/?q=732+N.+Center+Parkway+Kennewick,+WA+99336&amp;entry=gmail&amp;source=g\">732 N. Center Parkway<\/a>\n<a href=\"https:\/\/maps.google.com\/?q=7325+W.+Deschutes+Avenue,+Suite+B+Kennewick,+WA+99336&amp;entry=gmail&amp;source=g\">Kennewick, WA 99336<\/a>\n<a href=\"tel:5093809999\">(509) 380-9999<\/a>\n<a href=\"mailto:info@morfinlawfirm.com\">info@morfinlawfirm.com<\/a>\n\t<p><a href=\"https:\/\/www.morfinlawfirm.com\/es\/\">P\u00e1gina Principal<\/a><\/p>\n<p><a href=\"https:\/\/www.morfinlawfirm.com\/es\/quienes-somos\/\">\u00bfQui\u00e9nes somos?<\/a><\/p>\n<p><a href=\"https:\/\/www.morfinlawfirm.com\/es\/servicios-legals\/\">Servicios Legales<\/a><\/p>\n<p><a href=\"https:\/\/www.morfinlawfirm.com\/es\/recursos\/\">Recursos<\/a><\/p>\n<p><a href=\"https:\/\/www.morfinlawfirm.com\/es\/blog\/\">Blog<\/a><\/p>\n<p><a href=\"https:\/\/www.morfinlawfirm.com\/es\/contact\/\">Cont\u00e1ctenos<\/a><\/p>\n\t<p>Keep in touch!<\/p>\n\t<a rel=\"me\" target=\"_blank\" href=\"https:\/\/www.avvo.com\/attorneys\/99336-wa-edwardo-morfin-4632281.html\"><\/a>\n\t<p>\u00a9 2025 Morfin Law Firm &#8211; Kennewick, Washington. All Rights Reserved.<\/p>\n\n","protected":false},"excerpt":{"rendered":"<p>\u00bfUSTED FUE LESIONADO EN UN ACCIDENTE AUTOMOVILISTICO O CHOQUE DE AUTO?\u00bfUSTED FUE ROBADO Y ENGA\u00d1ADO POR UN NEGOCIO DESHONESTO? Cuando usted ha sido lesionado, lastimado, or da\u00f1ado por culpa de otra persona, o ha sido enga\u00f1ado por una compa\u00f1\u00eda de mala reputaci\u00f3n, es posible que s\u00f3lo desee respuestas a sus preguntas, y tal vez alg\u00fan&hellip;<\/p>\n","protected":false},"author":1,"featured_media":0,"parent":0,"menu_order":0,"comment_status":"closed","ping_status":"closed","template":"","meta":{"nf_dc_page":"","_monsterinsights_skip_tracking":false,"_monsterinsights_sitenote_active":false,"_monsterinsights_sitenote_note":"","_monsterinsights_sitenote_category":0,"_uf_show_specific_survey":0,"_uf_disable_surveys":false,"footnotes":""},"class_list":["post-633","page","type-page","status-publish","hentry"],"yoast_head":"<!-- This site is optimized with the Yoast SEO plugin v27.5 - https:\/\/yoast.com\/product\/yoast-seo-wordpress\/ -->\n<title>Morfin Law | Da\u00f1os Personales, Proteccion al Consumidor, Ley Laboral<\/title>\n<meta name=\"description\" content=\"Attorney Edwardo Morfin founded Morfin Law Firm in Kennewick, Washington, with a focus on personal injury and consumer protection.\" \/>\n<meta name=\"robots\" content=\"index, follow, max-snippet:-1, max-image-preview:large, max-video-preview:-1\" \/>\n<link rel=\"canonical\" href=\"https:\/\/www.morfinlawfirm.com\/es\/\" \/>\n<meta property=\"og:locale\" content=\"es_ES\" \/>\n<meta property=\"og:type\" content=\"article\" \/>\n<meta property=\"og:title\" content=\"Morfin Law | Da\u00f1os Personales, Proteccion al Consumidor, Ley Laboral\" \/>\n<meta property=\"og:description\" content=\"Attorney Edwardo Morfin founded Morfin Law Firm in Kennewick, Washington, with a focus on personal injury and consumer protection.\" \/>\n<meta property=\"og:url\" content=\"https:\/\/www.morfinlawfirm.com\/es\/\" \/>\n<meta property=\"og:site_name\" content=\"Morfin Law Firm\" \/>\n<meta property=\"article:publisher\" content=\"https:\/\/www.facebook.com\/MorfinLawFirm\/\" \/>\n<meta property=\"article:modified_time\" content=\"2025-08-22T02:31:47+00:00\" \/>\n<meta property=\"og:image\" content=\"https:\/\/www.morfinlawfirm.com\/wp-content\/uploads\/2018\/10\/Headshot-for-YJ-Forum.jpg\" \/>\n<meta name=\"twitter:card\" content=\"summary_large_image\" \/>\n<meta name=\"twitter:image\" content=\"https:\/\/www.morfinlawfirm.com\/wp-content\/uploads\/2018\/10\/Headshot-for-YJ-Forum.jpg\" \/>\n<meta name=\"twitter:label1\" content=\"Tiempo de lectura\" \/>\n\t<meta name=\"twitter:data1\" content=\"3 minutos\" \/>\n<script type=\"application\/ld+json\" class=\"yoast-schema-graph\">{\"@context\":\"https:\\\/\\\/schema.org\",\"@graph\":[{\"@type\":\"WebPage\",\"@id\":\"https:\\\/\\\/www.morfinlawfirm.com\\\/es\\\/\",\"url\":\"https:\\\/\\\/www.morfinlawfirm.com\\\/es\\\/\",\"name\":\"Morfin Law | Da\u00f1os Personales, Proteccion al Consumidor, Ley Laboral\",\"isPartOf\":{\"@id\":\"https:\\\/\\\/www.morfinlawfirm.com\\\/es\\\/#website\"},\"primaryImageOfPage\":{\"@id\":\"https:\\\/\\\/www.morfinlawfirm.com\\\/es\\\/#primaryimage\"},\"image\":{\"@id\":\"https:\\\/\\\/www.morfinlawfirm.com\\\/es\\\/#primaryimage\"},\"thumbnailUrl\":\"https:\\\/\\\/www.morfinlawfirm.com\\\/wp-content\\\/uploads\\\/2018\\\/10\\\/Headshot-for-YJ-Forum.jpg\",\"datePublished\":\"2020-12-23T23:29:33+00:00\",\"dateModified\":\"2025-08-22T02:31:47+00:00\",\"description\":\"Attorney Edwardo Morfin founded Morfin Law Firm in Kennewick, Washington, with a focus on personal injury and consumer protection.\",\"breadcrumb\":{\"@id\":\"https:\\\/\\\/www.morfinlawfirm.com\\\/es\\\/#breadcrumb\"},\"inLanguage\":\"es\",\"potentialAction\":[{\"@type\":\"ReadAction\",\"target\":[\"https:\\\/\\\/www.morfinlawfirm.com\\\/es\\\/\"]}]},{\"@type\":\"ImageObject\",\"inLanguage\":\"es\",\"@id\":\"https:\\\/\\\/www.morfinlawfirm.com\\\/es\\\/#primaryimage\",\"url\":\"https:\\\/\\\/www.morfinlawfirm.com\\\/wp-content\\\/uploads\\\/2018\\\/10\\\/Headshot-for-YJ-Forum.jpg\",\"contentUrl\":\"https:\\\/\\\/www.morfinlawfirm.com\\\/wp-content\\\/uploads\\\/2018\\\/10\\\/Headshot-for-YJ-Forum.jpg\"},{\"@type\":\"BreadcrumbList\",\"@id\":\"https:\\\/\\\/www.morfinlawfirm.com\\\/es\\\/#breadcrumb\",\"itemListElement\":[{\"@type\":\"ListItem\",\"position\":1,\"name\":\"Home\",\"item\":\"https:\\\/\\\/www.morfinlawfirm.com\\\/es\\\/\"},{\"@type\":\"ListItem\",\"position\":2,\"name\":\"P\u00e1gina Principal\"}]},{\"@type\":\"WebSite\",\"@id\":\"https:\\\/\\\/www.morfinlawfirm.com\\\/es\\\/#website\",\"url\":\"https:\\\/\\\/www.morfinlawfirm.com\\\/es\\\/\",\"name\":\"Morfin Law Firm\",\"description\":\"Law Firm of Edwardo Morfin\",\"publisher\":{\"@id\":\"https:\\\/\\\/www.morfinlawfirm.com\\\/es\\\/#organization\"},\"potentialAction\":[{\"@type\":\"SearchAction\",\"target\":{\"@type\":\"EntryPoint\",\"urlTemplate\":\"https:\\\/\\\/www.morfinlawfirm.com\\\/es\\\/?s={search_term_string}\"},\"query-input\":{\"@type\":\"PropertyValueSpecification\",\"valueRequired\":true,\"valueName\":\"search_term_string\"}}],\"inLanguage\":\"es\"},{\"@type\":\"Organization\",\"@id\":\"https:\\\/\\\/www.morfinlawfirm.com\\\/es\\\/#organization\",\"name\":\"Morfin Law Firm\",\"url\":\"https:\\\/\\\/www.morfinlawfirm.com\\\/es\\\/\",\"logo\":{\"@type\":\"ImageObject\",\"inLanguage\":\"es\",\"@id\":\"https:\\\/\\\/www.morfinlawfirm.com\\\/es\\\/#\\\/schema\\\/logo\\\/image\\\/\",\"url\":\"https:\\\/\\\/i0.wp.com\\\/www.morfinlawfirm.com\\\/wp-content\\\/uploads\\\/2024\\\/03\\\/Morfin-Law-Firm_logo_color_darkbg-scaled.jpg?fit=2560%2C1627&ssl=1\",\"contentUrl\":\"https:\\\/\\\/i0.wp.com\\\/www.morfinlawfirm.com\\\/wp-content\\\/uploads\\\/2024\\\/03\\\/Morfin-Law-Firm_logo_color_darkbg-scaled.jpg?fit=2560%2C1627&ssl=1\",\"width\":2560,\"height\":1627,\"caption\":\"Morfin Law Firm\"},\"image\":{\"@id\":\"https:\\\/\\\/www.morfinlawfirm.com\\\/es\\\/#\\\/schema\\\/logo\\\/image\\\/\"},\"sameAs\":[\"https:\\\/\\\/www.facebook.com\\\/MorfinLawFirm\\\/\"]}]}<\/script>\n<!-- \/ Yoast SEO plugin. -->","yoast_head_json":{"title":"Morfin Law | Da\u00f1os Personales, Proteccion al Consumidor, Ley Laboral","description":"Attorney Edwardo Morfin founded Morfin Law Firm in Kennewick, Washington, with a focus on personal injury and consumer protection.","robots":{"index":"index","follow":"follow","max-snippet":"max-snippet:-1","max-image-preview":"max-image-preview:large","max-video-preview":"max-video-preview:-1"},"canonical":"https:\/\/www.morfinlawfirm.com\/es\/","og_locale":"es_ES","og_type":"article","og_title":"Morfin Law | Da\u00f1os Personales, Proteccion al Consumidor, Ley Laboral","og_description":"Attorney Edwardo Morfin founded Morfin Law Firm in Kennewick, Washington, with a focus on personal injury and consumer protection.","og_url":"https:\/\/www.morfinlawfirm.com\/es\/","og_site_name":"Morfin Law Firm","article_publisher":"https:\/\/www.facebook.com\/MorfinLawFirm\/","article_modified_time":"2025-08-22T02:31:47+00:00","og_image":[{"url":"https:\/\/www.morfinlawfirm.com\/wp-content\/uploads\/2018\/10\/Headshot-for-YJ-Forum.jpg","type":"","width":"","height":""}],"twitter_card":"summary_large_image","twitter_image":"https:\/\/www.morfinlawfirm.com\/wp-content\/uploads\/2018\/10\/Headshot-for-YJ-Forum.jpg","twitter_misc":{"Tiempo de lectura":"3 minutos"},"schema":{"@context":"https:\/\/schema.org","@graph":[{"@type":"WebPage","@id":"https:\/\/www.morfinlawfirm.com\/es\/","url":"https:\/\/www.morfinlawfirm.com\/es\/","name":"Morfin Law | Da\u00f1os Personales, Proteccion al Consumidor, Ley Laboral","isPartOf":{"@id":"https:\/\/www.morfinlawfirm.com\/es\/#website"},"primaryImageOfPage":{"@id":"https:\/\/www.morfinlawfirm.com\/es\/#primaryimage"},"image":{"@id":"https:\/\/www.morfinlawfirm.com\/es\/#primaryimage"},"thumbnailUrl":"https:\/\/www.morfinlawfirm.com\/wp-content\/uploads\/2018\/10\/Headshot-for-YJ-Forum.jpg","datePublished":"2020-12-23T23:29:33+00:00","dateModified":"2025-08-22T02:31:47+00:00","description":"Attorney Edwardo Morfin founded Morfin Law Firm in Kennewick, Washington, with a focus on personal injury and consumer protection.","breadcrumb":{"@id":"https:\/\/www.morfinlawfirm.com\/es\/#breadcrumb"},"inLanguage":"es","potentialAction":[{"@type":"ReadAction","target":["https:\/\/www.morfinlawfirm.com\/es\/"]}]},{"@type":"ImageObject","inLanguage":"es","@id":"https:\/\/www.morfinlawfirm.com\/es\/#primaryimage","url":"https:\/\/www.morfinlawfirm.com\/wp-content\/uploads\/2018\/10\/Headshot-for-YJ-Forum.jpg","contentUrl":"https:\/\/www.morfinlawfirm.com\/wp-content\/uploads\/2018\/10\/Headshot-for-YJ-Forum.jpg"},{"@type":"BreadcrumbList","@id":"https:\/\/www.morfinlawfirm.com\/es\/#breadcrumb","itemListElement":[{"@type":"ListItem","position":1,"name":"Home","item":"https:\/\/www.morfinlawfirm.com\/es\/"},{"@type":"ListItem","position":2,"name":"P\u00e1gina Principal"}]},{"@type":"WebSite","@id":"https:\/\/www.morfinlawfirm.com\/es\/#website","url":"https:\/\/www.morfinlawfirm.com\/es\/","name":"Morfin Law Firm","description":"Law Firm of Edwardo Morfin","publisher":{"@id":"https:\/\/www.morfinlawfirm.com\/es\/#organization"},"potentialAction":[{"@type":"SearchAction","target":{"@type":"EntryPoint","urlTemplate":"https:\/\/www.morfinlawfirm.com\/es\/?s={search_term_string}"},"query-input":{"@type":"PropertyValueSpecification","valueRequired":true,"valueName":"search_term_string"}}],"inLanguage":"es"},{"@type":"Organization","@id":"https:\/\/www.morfinlawfirm.com\/es\/#organization","name":"Morfin Law Firm","url":"https:\/\/www.morfinlawfirm.com\/es\/","logo":{"@type":"ImageObject","inLanguage":"es","@id":"https:\/\/www.morfinlawfirm.com\/es\/#\/schema\/logo\/image\/","url":"https:\/\/i0.wp.com\/www.morfinlawfirm.com\/wp-content\/uploads\/2024\/03\/Morfin-Law-Firm_logo_color_darkbg-scaled.jpg?fit=2560%2C1627&ssl=1","contentUrl":"https:\/\/i0.wp.com\/www.morfinlawfirm.com\/wp-content\/uploads\/2024\/03\/Morfin-Law-Firm_logo_color_darkbg-scaled.jpg?fit=2560%2C1627&ssl=1","width":2560,"height":1627,"caption":"Morfin Law Firm"},"image":{"@id":"https:\/\/www.morfinlawfirm.com\/es\/#\/schema\/logo\/image\/"},"sameAs":["https:\/\/www.facebook.com\/MorfinLawFirm\/"]}]}},"jetpack_sharing_enabled":true,"_links":{"self":[{"href":"https:\/\/www.morfinlawfirm.com\/es\/wp-json\/wp\/v2\/pages\/633","targetHints":{"allow":["GET"]}}],"collection":[{"href":"https:\/\/www.morfinlawfirm.com\/es\/wp-json\/wp\/v2\/pages"}],"about":[{"href":"https:\/\/www.morfinlawfirm.com\/es\/wp-json\/wp\/v2\/types\/page"}],"author":[{"embeddable":true,"href":"https:\/\/www.morfinlawfirm.com\/es\/wp-json\/wp\/v2\/users\/1"}],"replies":[{"embeddable":true,"href":"https:\/\/www.morfinlawfirm.com\/es\/wp-json\/wp\/v2\/comments?post=633"}],"version-history":[{"count":5,"href":"https:\/\/www.morfinlawfirm.com\/es\/wp-json\/wp\/v2\/pages\/633\/revisions"}],"predecessor-version":[{"id":836,"href":"https:\/\/www.morfinlawfirm.com\/es\/wp-json\/wp\/v2\/pages\/633\/revisions\/836"}],"wp:attachment":[{"href":"https:\/\/www.morfinlawfirm.com\/es\/wp-json\/wp\/v2\/media?parent=633"}],"curies":[{"name":"wp","href":"https:\/\/api.w.org\/{rel}","templated":true}]}}